{"id":69320,"date":"2020-12-14T23:47:21","date_gmt":"2020-12-14T21:47:21","guid":{"rendered":"https:\/\/bbqentertainment.com\/?post_type=product&#038;p=69320"},"modified":"2025-07-25T13:46:01","modified_gmt":"2025-07-25T10:46:01","slug":"naturaalne-kookoskauss-340-400-ml-1-tk","status":"publish","type":"product","link":"https:\/\/bbqentertainment.com\/en\/toode\/naturaalne-kookoskauss-340-400-ml-1-tk\/","title":{"rendered":"Naturaalne KOOKOSKAUSS 340-400 ml (1 tk)"},"content":{"rendered":"<p>Kookos\u00f5li, -vee ja -koore saamiseks korjatakse igal aastal miljoneid kookosp\u00e4hkleid. 99% nende koortest l\u00e4heb tavaliselt p\u00f5letamisele, mis omakorda p\u00f5hjustab suure kahju keskkonnale. Meie kookoskausid valmistatakse koortest, millest on viljaliha ja vesi juba eraldatud. Peale k\u00e4sitsi t\u00f6\u00f6tlemist need l\u00f5igatakse, puhastatakse ja lihvitakse. Suuremate ostukoguste ja erisoovide puhul palun v\u00f5tke \u00fchendust info@bbqentertainment.com<\/p>\n<p>&nbsp;<\/p>\n","protected":false},"excerpt":{"rendered":"<h3><strong>Naturaalne KOOKOSKAUSS 340-400 ml (1 tk)<\/strong><\/h3>\n<ul>\n<li>K\u00e4sitsi valmistatud<\/li>\n<li>Sile ja\/v\u00f5i kare looduslik koor, erineva suuruse ja kujuga<\/li>\n<li>Pestavad n\u00f5udepesumasinas, korduvkasutatavad<\/li>\n<li>Komposteeritavad ja biolagunevad<\/li>\n<li>Kemikaalide vabad, 100% naturaalsed<\/li>\n<li>Toodetud Indias<\/li>\n<li>Suuremate ostukoguste puhul palun v\u00f5tke \u00fchendust info@bbqentertainment.com<\/li>\n<\/ul>\n","protected":false},"featured_media":69321,"template":"","meta":{"inline_featured_image":false},"product_brand":[],"product_cat":[315],"product_tag":[],"class_list":{"0":"post-69320","1":"product","2":"type-product","3":"status-publish","4":"has-post-thumbnail","6":"product_cat-uhekordsed-palmilehest-lauanoud","8":"first","9":"instock","10":"taxable","11":"shipping-taxable","12":"purchasable","13":"product-type-simple"},"yoast_head":"<!-- This site is optimized with the Yoast SEO plugin v27.4 - https:\/\/yoast.com\/product\/yoast-seo-wordpress\/ -->\n<title>Naturaalne KOOKOSKAUSS 340-400 ml (1 tk) - BBQ Entertainment<\/title>\n<meta name=\"robots\" content=\"index, follow, max-snippet:-1, max-image-preview:large, max-video-preview:-1\" \/>\n<link rel=\"canonical\" href=\"https:\/\/bbqentertainment.com\/toode\/naturaalne-kookoskauss-340-400-ml-1-tk\/\" \/>\n<meta property=\"og:locale\" content=\"en_US\" \/>\n<meta property=\"og:type\" content=\"article\" \/>\n<meta property=\"og:title\" content=\"Naturaalne KOOKOSKAUSS 340-400 ml (1 tk) - BBQ Entertainment\" \/>\n<meta property=\"og:description\" content=\"Naturaalne KOOKOSKAUSS 340-400 ml (1 tk)   K\u00e4sitsi valmistatud  Sile ja\/v\u00f5i kare looduslik koor, erineva suuruse ja kujuga  Pestavad n\u00f5udepesumasinas, korduvkasutatavad  Komposteeritavad ja biolagunevad  Kemikaalide vabad, 100% naturaalsed  Toodetud Indias  Suuremate ostukoguste puhul palun v\u00f5tke \u00fchendust info@bbqentertainment.com\" \/>\n<meta property=\"og:url\" content=\"https:\/\/bbqentertainment.com\/toode\/naturaalne-kookoskauss-340-400-ml-1-tk\/\" \/>\n<meta property=\"og:site_name\" content=\"BBQ Entertainment\" \/>\n<meta property=\"article:publisher\" content=\"https:\/\/www.facebook.com\/BBQ-Entertainment-N-Catering-2437913376443540\" \/>\n<meta property=\"article:modified_time\" content=\"2025-07-25T10:46:01+00:00\" \/>\n<meta property=\"og:image\" content=\"https:\/\/bbqentertainment.com\/wp-content\/uploads\/2020\/12\/Kookoskauss-340-400-ml..png\" \/>\n\t<meta property=\"og:image:width\" content=\"1374\" \/>\n\t<meta property=\"og:image:height\" content=\"1306\" \/>\n\t<meta property=\"og:image:type\" content=\"image\/png\" \/>\n<meta name=\"twitter:card\" content=\"summary_large_image\" \/>\n<script type=\"application\/ld+json\" class=\"yoast-schema-graph\">{\"@context\":\"https:\\\/\\\/schema.org\",\"@graph\":[{\"@type\":[\"WebPage\",\"ItemPage\"],\"@id\":\"https:\\\/\\\/bbqentertainment.com\\\/toode\\\/naturaalne-kookoskauss-340-400-ml-1-tk\\\/\",\"url\":\"https:\\\/\\\/bbqentertainment.com\\\/toode\\\/naturaalne-kookoskauss-340-400-ml-1-tk\\\/\",\"name\":\"Naturaalne KOOKOSKAUSS 340-400 ml (1 tk) - BBQ Entertainment\",\"isPartOf\":{\"@id\":\"https:\\\/\\\/bbqentertainment.com\\\/#website\"},\"primaryImageOfPage\":{\"@id\":\"https:\\\/\\\/bbqentertainment.com\\\/toode\\\/naturaalne-kookoskauss-340-400-ml-1-tk\\\/#primaryimage\"},\"image\":{\"@id\":\"https:\\\/\\\/bbqentertainment.com\\\/toode\\\/naturaalne-kookoskauss-340-400-ml-1-tk\\\/#primaryimage\"},\"thumbnailUrl\":\"https:\\\/\\\/bbqentertainment.com\\\/wp-content\\\/uploads\\\/2020\\\/12\\\/Kookoskauss-340-400-ml..png\",\"datePublished\":\"2020-12-14T21:47:21+00:00\",\"dateModified\":\"2025-07-25T10:46:01+00:00\",\"breadcrumb\":{\"@id\":\"https:\\\/\\\/bbqentertainment.com\\\/toode\\\/naturaalne-kookoskauss-340-400-ml-1-tk\\\/#breadcrumb\"},\"inLanguage\":\"en-US\",\"potentialAction\":[{\"@type\":\"ReadAction\",\"target\":[\"https:\\\/\\\/bbqentertainment.com\\\/toode\\\/naturaalne-kookoskauss-340-400-ml-1-tk\\\/\"]}]},{\"@type\":\"ImageObject\",\"inLanguage\":\"en-US\",\"@id\":\"https:\\\/\\\/bbqentertainment.com\\\/toode\\\/naturaalne-kookoskauss-340-400-ml-1-tk\\\/#primaryimage\",\"url\":\"https:\\\/\\\/bbqentertainment.com\\\/wp-content\\\/uploads\\\/2020\\\/12\\\/Kookoskauss-340-400-ml..png\",\"contentUrl\":\"https:\\\/\\\/bbqentertainment.com\\\/wp-content\\\/uploads\\\/2020\\\/12\\\/Kookoskauss-340-400-ml..png\",\"width\":1374,\"height\":1306},{\"@type\":\"BreadcrumbList\",\"@id\":\"https:\\\/\\\/bbqentertainment.com\\\/toode\\\/naturaalne-kookoskauss-340-400-ml-1-tk\\\/#breadcrumb\",\"itemListElement\":[{\"@type\":\"ListItem\",\"position\":1,\"name\":\"AVALEHT\",\"item\":\"https:\\\/\\\/bbqentertainment.com\\\/en\\\/\"},{\"@type\":\"ListItem\",\"position\":2,\"name\":\"Tooted\",\"item\":\"https:\\\/\\\/bbqentertainment.com\\\/tooted\\\/\"},{\"@type\":\"ListItem\",\"position\":3,\"name\":\"Muud tooted\",\"item\":\"https:\\\/\\\/bbqentertainment.com\\\/tootekategooria\\\/muud-tooted\\\/\"},{\"@type\":\"ListItem\",\"position\":4,\"name\":\"\u00dchekordsed palmilehest lauan\u00f5ud\",\"item\":\"https:\\\/\\\/bbqentertainment.com\\\/tootekategooria\\\/muud-tooted\\\/uhekordsed-palmilehest-lauanoud\\\/\"},{\"@type\":\"ListItem\",\"position\":5,\"name\":\"Naturaalne KOOKOSKAUSS 340-400 ml (1 tk)\"}]},{\"@type\":\"WebSite\",\"@id\":\"https:\\\/\\\/bbqentertainment.com\\\/#website\",\"url\":\"https:\\\/\\\/bbqentertainment.com\\\/\",\"name\":\"BBQ Entertainment\",\"description\":\"BBQ is a great lifestyle, not just fun!\",\"publisher\":{\"@id\":\"https:\\\/\\\/bbqentertainment.com\\\/#organization\"},\"potentialAction\":[{\"@type\":\"SearchAction\",\"target\":{\"@type\":\"EntryPoint\",\"urlTemplate\":\"https:\\\/\\\/bbqentertainment.com\\\/?s={search_term_string}\"},\"query-input\":{\"@type\":\"PropertyValueSpecification\",\"valueRequired\":true,\"valueName\":\"search_term_string\"}}],\"inLanguage\":\"en-US\"},{\"@type\":\"Organization\",\"@id\":\"https:\\\/\\\/bbqentertainment.com\\\/#organization\",\"name\":\"BBQ Entertainment O\u00dc\",\"url\":\"https:\\\/\\\/bbqentertainment.com\\\/\",\"logo\":{\"@type\":\"ImageObject\",\"inLanguage\":\"en-US\",\"@id\":\"https:\\\/\\\/bbqentertainment.com\\\/#\\\/schema\\\/logo\\\/image\\\/\",\"url\":\"https:\\\/\\\/bbqentertainment.com\\\/wp-content\\\/uploads\\\/2020\\\/04\\\/BBQ-Entertainment-N-Catering-Enn-Tobreluts-Logo.png\",\"contentUrl\":\"https:\\\/\\\/bbqentertainment.com\\\/wp-content\\\/uploads\\\/2020\\\/04\\\/BBQ-Entertainment-N-Catering-Enn-Tobreluts-Logo.png\",\"width\":628,\"height\":266,\"caption\":\"BBQ Entertainment O\u00dc\"},\"image\":{\"@id\":\"https:\\\/\\\/bbqentertainment.com\\\/#\\\/schema\\\/logo\\\/image\\\/\"},\"sameAs\":[\"https:\\\/\\\/www.facebook.com\\\/BBQ-Entertainment-N-Catering-2437913376443540\",\"https:\\\/\\\/www.instagram.com\\\/bbqentertainmentncatering\\\/\",\"https:\\\/\\\/www.youtube.com\\\/channel\\\/UCmpuANQVhLy2Md8nrenp2jA\"]}]}<\/script>\n<!-- \/ Yoast SEO plugin. -->","yoast_head_json":{"title":"Naturaalne KOOKOSKAUSS 340-400 ml (1 tk) - BBQ Entertainment","robots":{"index":"index","follow":"follow","max-snippet":"max-snippet:-1","max-image-preview":"max-image-preview:large","max-video-preview":"max-video-preview:-1"},"canonical":"https:\/\/bbqentertainment.com\/toode\/naturaalne-kookoskauss-340-400-ml-1-tk\/","og_locale":"en_US","og_type":"article","og_title":"Naturaalne KOOKOSKAUSS 340-400 ml (1 tk) - BBQ Entertainment","og_description":"Naturaalne KOOKOSKAUSS 340-400 ml (1 tk)   K\u00e4sitsi valmistatud  Sile ja\/v\u00f5i kare looduslik koor, erineva suuruse ja kujuga  Pestavad n\u00f5udepesumasinas, korduvkasutatavad  Komposteeritavad ja biolagunevad  Kemikaalide vabad, 100% naturaalsed  Toodetud Indias  Suuremate ostukoguste puhul palun v\u00f5tke \u00fchendust info@bbqentertainment.com","og_url":"https:\/\/bbqentertainment.com\/toode\/naturaalne-kookoskauss-340-400-ml-1-tk\/","og_site_name":"BBQ Entertainment","article_publisher":"https:\/\/www.facebook.com\/BBQ-Entertainment-N-Catering-2437913376443540","article_modified_time":"2025-07-25T10:46:01+00:00","og_image":[{"width":1374,"height":1306,"url":"https:\/\/bbqentertainment.com\/wp-content\/uploads\/2020\/12\/Kookoskauss-340-400-ml..png","type":"image\/png"}],"twitter_card":"summary_large_image","schema":{"@context":"https:\/\/schema.org","@graph":[{"@type":["WebPage","ItemPage"],"@id":"https:\/\/bbqentertainment.com\/toode\/naturaalne-kookoskauss-340-400-ml-1-tk\/","url":"https:\/\/bbqentertainment.com\/toode\/naturaalne-kookoskauss-340-400-ml-1-tk\/","name":"Naturaalne KOOKOSKAUSS 340-400 ml (1 tk) - BBQ Entertainment","isPartOf":{"@id":"https:\/\/bbqentertainment.com\/#website"},"primaryImageOfPage":{"@id":"https:\/\/bbqentertainment.com\/toode\/naturaalne-kookoskauss-340-400-ml-1-tk\/#primaryimage"},"image":{"@id":"https:\/\/bbqentertainment.com\/toode\/naturaalne-kookoskauss-340-400-ml-1-tk\/#primaryimage"},"thumbnailUrl":"https:\/\/bbqentertainment.com\/wp-content\/uploads\/2020\/12\/Kookoskauss-340-400-ml..png","datePublished":"2020-12-14T21:47:21+00:00","dateModified":"2025-07-25T10:46:01+00:00","breadcrumb":{"@id":"https:\/\/bbqentertainment.com\/toode\/naturaalne-kookoskauss-340-400-ml-1-tk\/#breadcrumb"},"inLanguage":"en-US","potentialAction":[{"@type":"ReadAction","target":["https:\/\/bbqentertainment.com\/toode\/naturaalne-kookoskauss-340-400-ml-1-tk\/"]}]},{"@type":"ImageObject","inLanguage":"en-US","@id":"https:\/\/bbqentertainment.com\/toode\/naturaalne-kookoskauss-340-400-ml-1-tk\/#primaryimage","url":"https:\/\/bbqentertainment.com\/wp-content\/uploads\/2020\/12\/Kookoskauss-340-400-ml..png","contentUrl":"https:\/\/bbqentertainment.com\/wp-content\/uploads\/2020\/12\/Kookoskauss-340-400-ml..png","width":1374,"height":1306},{"@type":"BreadcrumbList","@id":"https:\/\/bbqentertainment.com\/toode\/naturaalne-kookoskauss-340-400-ml-1-tk\/#breadcrumb","itemListElement":[{"@type":"ListItem","position":1,"name":"AVALEHT","item":"https:\/\/bbqentertainment.com\/en\/"},{"@type":"ListItem","position":2,"name":"Tooted","item":"https:\/\/bbqentertainment.com\/tooted\/"},{"@type":"ListItem","position":3,"name":"Muud tooted","item":"https:\/\/bbqentertainment.com\/tootekategooria\/muud-tooted\/"},{"@type":"ListItem","position":4,"name":"\u00dchekordsed palmilehest lauan\u00f5ud","item":"https:\/\/bbqentertainment.com\/tootekategooria\/muud-tooted\/uhekordsed-palmilehest-lauanoud\/"},{"@type":"ListItem","position":5,"name":"Naturaalne KOOKOSKAUSS 340-400 ml (1 tk)"}]},{"@type":"WebSite","@id":"https:\/\/bbqentertainment.com\/#website","url":"https:\/\/bbqentertainment.com\/","name":"BBQ Entertainment","description":"BBQ is a great lifestyle, not just fun!","publisher":{"@id":"https:\/\/bbqentertainment.com\/#organization"},"potentialAction":[{"@type":"SearchAction","target":{"@type":"EntryPoint","urlTemplate":"https:\/\/bbqentertainment.com\/?s={search_term_string}"},"query-input":{"@type":"PropertyValueSpecification","valueRequired":true,"valueName":"search_term_string"}}],"inLanguage":"en-US"},{"@type":"Organization","@id":"https:\/\/bbqentertainment.com\/#organization","name":"BBQ Entertainment O\u00dc","url":"https:\/\/bbqentertainment.com\/","logo":{"@type":"ImageObject","inLanguage":"en-US","@id":"https:\/\/bbqentertainment.com\/#\/schema\/logo\/image\/","url":"https:\/\/bbqentertainment.com\/wp-content\/uploads\/2020\/04\/BBQ-Entertainment-N-Catering-Enn-Tobreluts-Logo.png","contentUrl":"https:\/\/bbqentertainment.com\/wp-content\/uploads\/2020\/04\/BBQ-Entertainment-N-Catering-Enn-Tobreluts-Logo.png","width":628,"height":266,"caption":"BBQ Entertainment O\u00dc"},"image":{"@id":"https:\/\/bbqentertainment.com\/#\/schema\/logo\/image\/"},"sameAs":["https:\/\/www.facebook.com\/BBQ-Entertainment-N-Catering-2437913376443540","https:\/\/www.instagram.com\/bbqentertainmentncatering\/","https:\/\/www.youtube.com\/channel\/UCmpuANQVhLy2Md8nrenp2jA"]}]}},"_links":{"self":[{"href":"https:\/\/bbqentertainment.com\/en\/wp-json\/wp\/v2\/product\/69320","targetHints":{"allow":["GET"]}}],"collection":[{"href":"https:\/\/bbqentertainment.com\/en\/wp-json\/wp\/v2\/product"}],"about":[{"href":"https:\/\/bbqentertainment.com\/en\/wp-json\/wp\/v2\/types\/product"}],"wp:featuredmedia":[{"embeddable":true,"href":"https:\/\/bbqentertainment.com\/en\/wp-json\/wp\/v2\/media\/69321"}],"wp:attachment":[{"href":"https:\/\/bbqentertainment.com\/en\/wp-json\/wp\/v2\/media?parent=69320"}],"wp:term":[{"taxonomy":"product_brand","embeddable":true,"href":"https:\/\/bbqentertainment.com\/en\/wp-json\/wp\/v2\/product_brand?post=69320"},{"taxonomy":"product_cat","embeddable":true,"href":"https:\/\/bbqentertainment.com\/en\/wp-json\/wp\/v2\/product_cat?post=69320"},{"taxonomy":"product_tag","embeddable":true,"href":"https:\/\/bbqentertainment.com\/en\/wp-json\/wp\/v2\/product_tag?post=69320"}],"curies":[{"name":"wp","href":"https:\/\/api.w.org\/{rel}","templated":true}]}}