{"id":69430,"date":"2020-12-27T14:20:04","date_gmt":"2020-12-27T12:20:04","guid":{"rendered":"https:\/\/bbqentertainment.com\/?post_type=product&#038;p=69430"},"modified":"2026-03-07T23:20:06","modified_gmt":"2026-03-07T21:20:06","slug":"everdure-by-heston-cube","status":"publish","type":"product","link":"https:\/\/bbqentertainment.com\/en\/toode\/everdure-by-heston-cube\/","title":{"rendered":"PIKNIKUGRILL &#8211; Everdure by Heston Blumenthal &#8211; CUBE\u2122"},"content":{"rendered":"","protected":false},"excerpt":{"rendered":"<h3><span style=\"color: #282828;\"><strong>PIKNIKUGRILL \u2013 Everdure by Heston Blumenthal \u2013 CUBE\u2122<\/strong><\/span><\/h3>\n<ul>\n<li><strong><span style=\"color: #000000;\"><span style=\"font-size: 14.399999px;\">K\u00fcsi eripakkumist soodushinnale! Kirjuta enn@bbqentertainment.com v\u00f5i helista 5165581<\/span><\/span><\/strong><\/li>\n<li><span style=\"color: #282828;\">See kokkupandav ja kergesti puhastatav S\u00d6EGRILL on \u00fclimalt trendikas ja praktiline.<\/span><\/li>\n<li><span style=\"color: #282828;\">Ideaalne kasutamiseks nii kodus kui piknikul.<\/span><\/li>\n<li><span style=\"color: #282828;\">Sobib v\u00e4iksemale seltskonnale, kuni 4 inimest.<\/span><\/li>\n<li><span style=\"color: #282828;\">Grills\u00f6ena on ideaalne kasutamiseks v\u00e4ikeset\u00fckiline Marienburg 14 ltr grills\u00fcsi v\u00f5i Grillep 30 ltr.<\/span><\/li>\n<li><span style=\"color: #282828;\">Grillil ei ole kaant, fotolt n\u00e4haolev kaas on tegelikult l\u00f5ikelauaga toidukarp, mis kokkupanduna grillile peale l\u00e4heb (nn transpordiks).<\/span><\/li>\n<li><span style=\"color: #282828;\">V\u00f5imalik kaasa osta eraldi ka korralik kandekott.<\/span><\/li>\n<li><span style=\"color: #282828;\">V\u00e4rvivalik: oran\u017e, roheline\u00a0(khaki), helehall\u00a0(stone), must\u00a0(graphite).<\/span><\/li>\n<\/ul>\n<p><span style=\"color: #282828;\">Komplekti kuulub:<\/span><\/p>\n<ul>\n<li><span style=\"color: #282828;\">Integreeritud toiduk\u00f5lbulik hoiualus\/toidukarp<\/span><\/li>\n<li><span class=\"JLqJ4b\" style=\"color: #282828;\" data-language-for-alternatives=\"et\" data-language-to-translate-into=\"auto\" data-phrase-index=\"1\"><span class=\"JLqJ4b ChMk0b\" data-language-for-alternatives=\"et\" data-language-to-translate-into=\"auto\" data-phrase-index=\"2\">Integreeritud bambusest l\u00f5ikelaud<\/span><\/span><\/li>\n<li><span class=\"JLqJ4b\" style=\"color: #282828;\" data-language-for-alternatives=\"et\" data-language-to-translate-into=\"auto\" data-phrase-index=\"1\"><span class=\"JLqJ4b ChMk0b\" data-language-for-alternatives=\"et\" data-language-to-translate-into=\"auto\" data-phrase-index=\"2\">2 ohutusriivi<\/span><\/span><\/li>\n<li><span class=\"JLqJ4b\" style=\"color: #282828;\" data-language-for-alternatives=\"et\" data-language-to-translate-into=\"auto\" data-phrase-index=\"1\"><span class=\"JLqJ4b ChMk0b\" data-language-for-alternatives=\"et\" data-language-to-translate-into=\"auto\" data-phrase-index=\"2\">Emailitud portselanist tulekamber ja s\u00f6erest<\/span><\/span><\/li>\n<li><span class=\"JLqJ4b\" style=\"color: #282828;\" data-language-for-alternatives=\"et\" data-language-to-translate-into=\"auto\" data-phrase-index=\"1\"><span class=\"JLqJ4b ChMk0b\" data-language-for-alternatives=\"et\" data-language-to-translate-into=\"auto\" data-phrase-index=\"2\">2 mittekuumenevat k\u00e4epidet<\/span><\/span><\/li>\n<li><span class=\"JLqJ4b\" style=\"color: #282828;\" data-language-for-alternatives=\"et\" data-language-to-translate-into=\"auto\" data-phrase-index=\"1\"><span class=\"JLqJ4b ChMk0b\" data-language-for-alternatives=\"et\" data-language-to-translate-into=\"auto\" data-phrase-index=\"2\">Sisseehitatud kuumakaitse<\/span><\/span><\/li>\n<li><span class=\"JLqJ4b\" style=\"color: #282828;\" data-language-for-alternatives=\"et\" data-language-to-translate-into=\"auto\" data-phrase-index=\"1\"><span class=\"JLqJ4b ChMk0b\" data-language-for-alternatives=\"et\" data-language-to-translate-into=\"auto\" data-phrase-index=\"2\">K\u00e4sits\u00fc\u00fcde<\/span><\/span><\/li>\n<\/ul>\n<p><span style=\"color: #282828;\">M\u00f5\u00f5dud:<\/span><\/p>\n<ul>\n<li><span style=\"color: #282828;\">K\u00fcpsetuspind: 745 cm2<\/span><\/li>\n<li><span style=\"color: #282828;\">K\u00f5rgus: 224 mm, laius: 384 mm, s\u00fcgavus:\u00a0316 mm<\/span><\/li>\n<li><span style=\"color: #282828;\">Brutokaal: 9.5 kg, netokaal: 7 kg<\/span><\/li>\n<\/ul>\n<h5><strong>Palun kirjutage tellimuses m\u00e4rkuste lahtrisse ka soovitav CUBE\u2019i v\u00e4rv.<\/strong><\/h5>\n","protected":false},"featured_media":69449,"template":"","meta":{"inline_featured_image":false},"product_brand":[],"product_cat":[17,163],"product_tag":[],"class_list":{"0":"post-69430","1":"product","2":"type-product","3":"status-publish","4":"has-post-thumbnail","6":"product_cat-grillid-ja-ahjud","7":"product_cat-everdure-by-heston","9":"first","10":"instock","11":"sale","12":"taxable","13":"shipping-taxable","14":"purchasable","15":"product-type-simple"},"yoast_head":"<!-- This site is optimized with the Yoast SEO plugin v27.4 - https:\/\/yoast.com\/product\/yoast-seo-wordpress\/ -->\n<title>PIKNIKUGRILL - Everdure by Heston Blumenthal - CUBE\u2122 - BBQ Entertainment<\/title>\n<meta name=\"robots\" content=\"index, follow, max-snippet:-1, max-image-preview:large, max-video-preview:-1\" \/>\n<link rel=\"canonical\" href=\"https:\/\/bbqentertainment.com\/toode\/everdure-by-heston-cube\/\" \/>\n<meta property=\"og:locale\" content=\"en_US\" \/>\n<meta property=\"og:type\" content=\"article\" \/>\n<meta property=\"og:title\" content=\"PIKNIKUGRILL - Everdure by Heston Blumenthal - CUBE\u2122 - BBQ Entertainment\" \/>\n<meta property=\"og:description\" content=\"PIKNIKUGRILL \u2013 Everdure by Heston Blumenthal \u2013 CUBE\u2122   K\u00fcsi eripakkumist soodushinnale! Kirjuta enn@bbqentertainment.com v\u00f5i helista 5165581  See kokkupandav ja kergesti puhastatav S\u00d6EGRILL on \u00fclimalt trendikas ja praktiline.  Ideaalne kasutamiseks nii kodus kui piknikul.  Sobib v\u00e4iksemale seltskonnale, kuni 4 inimest.  Grills\u00f6ena on ideaalne kasutamiseks v\u00e4ikeset\u00fckiline Marienburg 14 ltr grills\u00fcsi v\u00f5i Grillep 30 ltr.  Grillil ei ole kaant, fotolt n\u00e4haolev kaas on tegelikult l\u00f5ikelauaga toidukarp, mis kokkupanduna grillile peale l\u00e4heb (nn transpordiks).  V\u00f5imalik kaasa osta eraldi ka korralik kandekott.  V\u00e4rvivalik: oran\u017e, roheline\u00a0(khaki), helehall\u00a0(stone), must\u00a0(graphite).  Komplekti kuulub:   Integreeritud toiduk\u00f5lbulik hoiualus\/toidukarp  Integreeritud bambusest l\u00f5ikelaud  2 ohutusriivi  Emailitud portselanist tulekamber ja s\u00f6erest  2 mittekuumenevat k\u00e4epidet  Sisseehitatud kuumakaitse  K\u00e4sits\u00fc\u00fcde  M\u00f5\u00f5dud:   K\u00fcpsetuspind: 745 cm2  K\u00f5rgus: 224 mm, laius: 384 mm, s\u00fcgavus:\u00a0316 mm  Brutokaal: 9.5 kg, netokaal: 7 kg  Palun kirjutage tellimuses m\u00e4rkuste lahtrisse ka soovitav CUBE\u2019i v\u00e4rv.\" \/>\n<meta property=\"og:url\" content=\"https:\/\/bbqentertainment.com\/toode\/everdure-by-heston-cube\/\" \/>\n<meta property=\"og:site_name\" content=\"BBQ Entertainment\" \/>\n<meta property=\"article:publisher\" content=\"https:\/\/www.facebook.com\/BBQ-Entertainment-N-Catering-2437913376443540\" \/>\n<meta property=\"article:modified_time\" content=\"2026-03-07T21:20:06+00:00\" \/>\n<meta property=\"og:image\" content=\"https:\/\/bbqentertainment.com\/wp-content\/uploads\/2020\/12\/PIKNIKUGRILL-Everdure-by-Heston-Blumenthal-CUBE-orange.png\" \/>\n\t<meta property=\"og:image:width\" content=\"1570\" \/>\n\t<meta property=\"og:image:height\" content=\"1570\" \/>\n\t<meta property=\"og:image:type\" content=\"image\/png\" \/>\n<meta name=\"twitter:card\" content=\"summary_large_image\" \/>\n<meta name=\"twitter:label1\" content=\"Est. reading time\" \/>\n\t<meta name=\"twitter:data1\" content=\"1 minute\" \/>\n<script type=\"application\/ld+json\" class=\"yoast-schema-graph\">{\"@context\":\"https:\\\/\\\/schema.org\",\"@graph\":[{\"@type\":[\"WebPage\",\"ItemPage\"],\"@id\":\"https:\\\/\\\/bbqentertainment.com\\\/toode\\\/everdure-by-heston-cube\\\/\",\"url\":\"https:\\\/\\\/bbqentertainment.com\\\/toode\\\/everdure-by-heston-cube\\\/\",\"name\":\"PIKNIKUGRILL - Everdure by Heston Blumenthal - CUBE\u2122 - BBQ Entertainment\",\"isPartOf\":{\"@id\":\"https:\\\/\\\/bbqentertainment.com\\\/#website\"},\"primaryImageOfPage\":{\"@id\":\"https:\\\/\\\/bbqentertainment.com\\\/toode\\\/everdure-by-heston-cube\\\/#primaryimage\"},\"image\":{\"@id\":\"https:\\\/\\\/bbqentertainment.com\\\/toode\\\/everdure-by-heston-cube\\\/#primaryimage\"},\"thumbnailUrl\":\"https:\\\/\\\/bbqentertainment.com\\\/wp-content\\\/uploads\\\/2020\\\/12\\\/PIKNIKUGRILL-Everdure-by-Heston-Blumenthal-CUBE-orange.png\",\"datePublished\":\"2020-12-27T12:20:04+00:00\",\"dateModified\":\"2026-03-07T21:20:06+00:00\",\"breadcrumb\":{\"@id\":\"https:\\\/\\\/bbqentertainment.com\\\/toode\\\/everdure-by-heston-cube\\\/#breadcrumb\"},\"inLanguage\":\"en-US\",\"potentialAction\":[{\"@type\":\"ReadAction\",\"target\":[\"https:\\\/\\\/bbqentertainment.com\\\/toode\\\/everdure-by-heston-cube\\\/\"]}]},{\"@type\":\"ImageObject\",\"inLanguage\":\"en-US\",\"@id\":\"https:\\\/\\\/bbqentertainment.com\\\/toode\\\/everdure-by-heston-cube\\\/#primaryimage\",\"url\":\"https:\\\/\\\/bbqentertainment.com\\\/wp-content\\\/uploads\\\/2020\\\/12\\\/PIKNIKUGRILL-Everdure-by-Heston-Blumenthal-CUBE-orange.png\",\"contentUrl\":\"https:\\\/\\\/bbqentertainment.com\\\/wp-content\\\/uploads\\\/2020\\\/12\\\/PIKNIKUGRILL-Everdure-by-Heston-Blumenthal-CUBE-orange.png\",\"width\":1570,\"height\":1570},{\"@type\":\"BreadcrumbList\",\"@id\":\"https:\\\/\\\/bbqentertainment.com\\\/toode\\\/everdure-by-heston-cube\\\/#breadcrumb\",\"itemListElement\":[{\"@type\":\"ListItem\",\"position\":1,\"name\":\"AVALEHT\",\"item\":\"https:\\\/\\\/bbqentertainment.com\\\/en\\\/\"},{\"@type\":\"ListItem\",\"position\":2,\"name\":\"Tooted\",\"item\":\"https:\\\/\\\/bbqentertainment.com\\\/tooted\\\/\"},{\"@type\":\"ListItem\",\"position\":3,\"name\":\"Grillid ja ahjud\",\"item\":\"https:\\\/\\\/bbqentertainment.com\\\/tootekategooria\\\/grillid-ja-ahjud\\\/\"},{\"@type\":\"ListItem\",\"position\":4,\"name\":\"Everdure by Heston\",\"item\":\"https:\\\/\\\/bbqentertainment.com\\\/tootekategooria\\\/grillid-ja-ahjud\\\/everdure-by-heston\\\/\"},{\"@type\":\"ListItem\",\"position\":5,\"name\":\"PIKNIKUGRILL &#8211; Everdure by Heston Blumenthal &#8211; CUBE\u2122\"}]},{\"@type\":\"WebSite\",\"@id\":\"https:\\\/\\\/bbqentertainment.com\\\/#website\",\"url\":\"https:\\\/\\\/bbqentertainment.com\\\/\",\"name\":\"BBQ Entertainment\",\"description\":\"BBQ is a great lifestyle, not just fun!\",\"publisher\":{\"@id\":\"https:\\\/\\\/bbqentertainment.com\\\/#organization\"},\"potentialAction\":[{\"@type\":\"SearchAction\",\"target\":{\"@type\":\"EntryPoint\",\"urlTemplate\":\"https:\\\/\\\/bbqentertainment.com\\\/?s={search_term_string}\"},\"query-input\":{\"@type\":\"PropertyValueSpecification\",\"valueRequired\":true,\"valueName\":\"search_term_string\"}}],\"inLanguage\":\"en-US\"},{\"@type\":\"Organization\",\"@id\":\"https:\\\/\\\/bbqentertainment.com\\\/#organization\",\"name\":\"BBQ Entertainment O\u00dc\",\"url\":\"https:\\\/\\\/bbqentertainment.com\\\/\",\"logo\":{\"@type\":\"ImageObject\",\"inLanguage\":\"en-US\",\"@id\":\"https:\\\/\\\/bbqentertainment.com\\\/#\\\/schema\\\/logo\\\/image\\\/\",\"url\":\"https:\\\/\\\/bbqentertainment.com\\\/wp-content\\\/uploads\\\/2020\\\/04\\\/BBQ-Entertainment-N-Catering-Enn-Tobreluts-Logo.png\",\"contentUrl\":\"https:\\\/\\\/bbqentertainment.com\\\/wp-content\\\/uploads\\\/2020\\\/04\\\/BBQ-Entertainment-N-Catering-Enn-Tobreluts-Logo.png\",\"width\":628,\"height\":266,\"caption\":\"BBQ Entertainment O\u00dc\"},\"image\":{\"@id\":\"https:\\\/\\\/bbqentertainment.com\\\/#\\\/schema\\\/logo\\\/image\\\/\"},\"sameAs\":[\"https:\\\/\\\/www.facebook.com\\\/BBQ-Entertainment-N-Catering-2437913376443540\",\"https:\\\/\\\/www.instagram.com\\\/bbqentertainmentncatering\\\/\",\"https:\\\/\\\/www.youtube.com\\\/channel\\\/UCmpuANQVhLy2Md8nrenp2jA\"]}]}<\/script>\n<!-- \/ Yoast SEO plugin. -->","yoast_head_json":{"title":"PIKNIKUGRILL - Everdure by Heston Blumenthal - CUBE\u2122 - BBQ Entertainment","robots":{"index":"index","follow":"follow","max-snippet":"max-snippet:-1","max-image-preview":"max-image-preview:large","max-video-preview":"max-video-preview:-1"},"canonical":"https:\/\/bbqentertainment.com\/toode\/everdure-by-heston-cube\/","og_locale":"en_US","og_type":"article","og_title":"PIKNIKUGRILL - Everdure by Heston Blumenthal - CUBE\u2122 - BBQ Entertainment","og_description":"PIKNIKUGRILL \u2013 Everdure by Heston Blumenthal \u2013 CUBE\u2122   K\u00fcsi eripakkumist soodushinnale! Kirjuta enn@bbqentertainment.com v\u00f5i helista 5165581  See kokkupandav ja kergesti puhastatav S\u00d6EGRILL on \u00fclimalt trendikas ja praktiline.  Ideaalne kasutamiseks nii kodus kui piknikul.  Sobib v\u00e4iksemale seltskonnale, kuni 4 inimest.  Grills\u00f6ena on ideaalne kasutamiseks v\u00e4ikeset\u00fckiline Marienburg 14 ltr grills\u00fcsi v\u00f5i Grillep 30 ltr.  Grillil ei ole kaant, fotolt n\u00e4haolev kaas on tegelikult l\u00f5ikelauaga toidukarp, mis kokkupanduna grillile peale l\u00e4heb (nn transpordiks).  V\u00f5imalik kaasa osta eraldi ka korralik kandekott.  V\u00e4rvivalik: oran\u017e, roheline\u00a0(khaki), helehall\u00a0(stone), must\u00a0(graphite).  Komplekti kuulub:   Integreeritud toiduk\u00f5lbulik hoiualus\/toidukarp  Integreeritud bambusest l\u00f5ikelaud  2 ohutusriivi  Emailitud portselanist tulekamber ja s\u00f6erest  2 mittekuumenevat k\u00e4epidet  Sisseehitatud kuumakaitse  K\u00e4sits\u00fc\u00fcde  M\u00f5\u00f5dud:   K\u00fcpsetuspind: 745 cm2  K\u00f5rgus: 224 mm, laius: 384 mm, s\u00fcgavus:\u00a0316 mm  Brutokaal: 9.5 kg, netokaal: 7 kg  Palun kirjutage tellimuses m\u00e4rkuste lahtrisse ka soovitav CUBE\u2019i v\u00e4rv.","og_url":"https:\/\/bbqentertainment.com\/toode\/everdure-by-heston-cube\/","og_site_name":"BBQ Entertainment","article_publisher":"https:\/\/www.facebook.com\/BBQ-Entertainment-N-Catering-2437913376443540","article_modified_time":"2026-03-07T21:20:06+00:00","og_image":[{"width":1570,"height":1570,"url":"https:\/\/bbqentertainment.com\/wp-content\/uploads\/2020\/12\/PIKNIKUGRILL-Everdure-by-Heston-Blumenthal-CUBE-orange.png","type":"image\/png"}],"twitter_card":"summary_large_image","twitter_misc":{"Est. reading time":"1 minute"},"schema":{"@context":"https:\/\/schema.org","@graph":[{"@type":["WebPage","ItemPage"],"@id":"https:\/\/bbqentertainment.com\/toode\/everdure-by-heston-cube\/","url":"https:\/\/bbqentertainment.com\/toode\/everdure-by-heston-cube\/","name":"PIKNIKUGRILL - Everdure by Heston Blumenthal - CUBE\u2122 - BBQ Entertainment","isPartOf":{"@id":"https:\/\/bbqentertainment.com\/#website"},"primaryImageOfPage":{"@id":"https:\/\/bbqentertainment.com\/toode\/everdure-by-heston-cube\/#primaryimage"},"image":{"@id":"https:\/\/bbqentertainment.com\/toode\/everdure-by-heston-cube\/#primaryimage"},"thumbnailUrl":"https:\/\/bbqentertainment.com\/wp-content\/uploads\/2020\/12\/PIKNIKUGRILL-Everdure-by-Heston-Blumenthal-CUBE-orange.png","datePublished":"2020-12-27T12:20:04+00:00","dateModified":"2026-03-07T21:20:06+00:00","breadcrumb":{"@id":"https:\/\/bbqentertainment.com\/toode\/everdure-by-heston-cube\/#breadcrumb"},"inLanguage":"en-US","potentialAction":[{"@type":"ReadAction","target":["https:\/\/bbqentertainment.com\/toode\/everdure-by-heston-cube\/"]}]},{"@type":"ImageObject","inLanguage":"en-US","@id":"https:\/\/bbqentertainment.com\/toode\/everdure-by-heston-cube\/#primaryimage","url":"https:\/\/bbqentertainment.com\/wp-content\/uploads\/2020\/12\/PIKNIKUGRILL-Everdure-by-Heston-Blumenthal-CUBE-orange.png","contentUrl":"https:\/\/bbqentertainment.com\/wp-content\/uploads\/2020\/12\/PIKNIKUGRILL-Everdure-by-Heston-Blumenthal-CUBE-orange.png","width":1570,"height":1570},{"@type":"BreadcrumbList","@id":"https:\/\/bbqentertainment.com\/toode\/everdure-by-heston-cube\/#breadcrumb","itemListElement":[{"@type":"ListItem","position":1,"name":"AVALEHT","item":"https:\/\/bbqentertainment.com\/en\/"},{"@type":"ListItem","position":2,"name":"Tooted","item":"https:\/\/bbqentertainment.com\/tooted\/"},{"@type":"ListItem","position":3,"name":"Grillid ja ahjud","item":"https:\/\/bbqentertainment.com\/tootekategooria\/grillid-ja-ahjud\/"},{"@type":"ListItem","position":4,"name":"Everdure by Heston","item":"https:\/\/bbqentertainment.com\/tootekategooria\/grillid-ja-ahjud\/everdure-by-heston\/"},{"@type":"ListItem","position":5,"name":"PIKNIKUGRILL &#8211; Everdure by Heston Blumenthal &#8211; CUBE\u2122"}]},{"@type":"WebSite","@id":"https:\/\/bbqentertainment.com\/#website","url":"https:\/\/bbqentertainment.com\/","name":"BBQ Entertainment","description":"BBQ is a great lifestyle, not just fun!","publisher":{"@id":"https:\/\/bbqentertainment.com\/#organization"},"potentialAction":[{"@type":"SearchAction","target":{"@type":"EntryPoint","urlTemplate":"https:\/\/bbqentertainment.com\/?s={search_term_string}"},"query-input":{"@type":"PropertyValueSpecification","valueRequired":true,"valueName":"search_term_string"}}],"inLanguage":"en-US"},{"@type":"Organization","@id":"https:\/\/bbqentertainment.com\/#organization","name":"BBQ Entertainment O\u00dc","url":"https:\/\/bbqentertainment.com\/","logo":{"@type":"ImageObject","inLanguage":"en-US","@id":"https:\/\/bbqentertainment.com\/#\/schema\/logo\/image\/","url":"https:\/\/bbqentertainment.com\/wp-content\/uploads\/2020\/04\/BBQ-Entertainment-N-Catering-Enn-Tobreluts-Logo.png","contentUrl":"https:\/\/bbqentertainment.com\/wp-content\/uploads\/2020\/04\/BBQ-Entertainment-N-Catering-Enn-Tobreluts-Logo.png","width":628,"height":266,"caption":"BBQ Entertainment O\u00dc"},"image":{"@id":"https:\/\/bbqentertainment.com\/#\/schema\/logo\/image\/"},"sameAs":["https:\/\/www.facebook.com\/BBQ-Entertainment-N-Catering-2437913376443540","https:\/\/www.instagram.com\/bbqentertainmentncatering\/","https:\/\/www.youtube.com\/channel\/UCmpuANQVhLy2Md8nrenp2jA"]}]}},"_links":{"self":[{"href":"https:\/\/bbqentertainment.com\/en\/wp-json\/wp\/v2\/product\/69430","targetHints":{"allow":["GET"]}}],"collection":[{"href":"https:\/\/bbqentertainment.com\/en\/wp-json\/wp\/v2\/product"}],"about":[{"href":"https:\/\/bbqentertainment.com\/en\/wp-json\/wp\/v2\/types\/product"}],"wp:featuredmedia":[{"embeddable":true,"href":"https:\/\/bbqentertainment.com\/en\/wp-json\/wp\/v2\/media\/69449"}],"wp:attachment":[{"href":"https:\/\/bbqentertainment.com\/en\/wp-json\/wp\/v2\/media?parent=69430"}],"wp:term":[{"taxonomy":"product_brand","embeddable":true,"href":"https:\/\/bbqentertainment.com\/en\/wp-json\/wp\/v2\/product_brand?post=69430"},{"taxonomy":"product_cat","embeddable":true,"href":"https:\/\/bbqentertainment.com\/en\/wp-json\/wp\/v2\/product_cat?post=69430"},{"taxonomy":"product_tag","embeddable":true,"href":"https:\/\/bbqentertainment.com\/en\/wp-json\/wp\/v2\/product_tag?post=69430"}],"curies":[{"name":"wp","href":"https:\/\/api.w.org\/{rel}","templated":true}]}}