{"id":69988,"date":"2021-01-15T18:02:37","date_gmt":"2021-01-15T16:02:37","guid":{"rendered":"https:\/\/bbqentertainment.com\/?post_type=product&#038;p=69988"},"modified":"2025-10-22T13:19:06","modified_gmt":"2025-10-22T10:19:06","slug":"kreemjas-mesi-500g-uuemoisa-saaremaa","status":"publish","type":"product","link":"https:\/\/bbqentertainment.com\/en\/toode\/kreemjas-mesi-500g-uuemoisa-saaremaa\/","title":{"rendered":"Kreemjas mesi 500g (Uuem\u00f5isa, Saaremaa)"},"content":{"rendered":"","protected":false},"excerpt":{"rendered":"<h3><strong>Kreemjas mesi 500g (Uuem\u00f5isa, Saaremaa)<\/strong><\/h3>\n<ul>\n<li>100% looduslik! Ehtne Saaremaa toode!<\/li>\n<li>Kreemjas ehk peenkristalne mesi on pehme ja seda on kerge m\u00e4\u00e4rida.<\/li>\n<li>Kreemjas mesi on tavaline \u00f5iemesi, mis on saadud mee mehaanilise segamise tulemusena spetsiaalses meesegamismasinas. Segamise k\u00e4igus l\u00f5hutakse mee j\u00e4medad kristallid ja mesi muutub peenkristalseks. Segamists\u00fcklid on seadistatud nii, et 24 tunni jooksul toimub 5 segamist 30 minutilise kestvusega.<\/li>\n<li>Kreemja mee valmistamiseks kulub 1-3 n\u00e4dalat. P\u00e4rast valmimist s\u00e4ilib kreemja mee olek ning mesi j\u00e4\u00e4bki pehmeks ja on kerge saiale m\u00e4\u00e4rida. T\u00f6\u00f6tlemisel midagi juurde ei lisata ja mesi oma omadusi ei kaota.<\/li>\n<li>Seistes aja jooksul l\u00e4heb kreemja mee v\u00e4rvus heledamaks ja konsistents veidi paksemaks. Kui soovite kiirelt saada kreemja mee heledamaks siis asetage mesi jahedamasse kohta (nt +10 C juurde), siis muutub see umbes 2 n\u00e4dalaga heledamaks. Kreemja mee maitseomadused aja jooksul seistes ei muutu, ainult mee konsistents muutub seistes veidi paksemaks, kuid kindlasti see ei kristalliseeru kivik\u00f5vaks.<\/li>\n<li><span style=\"color: #555555\">Uuem\u00f5isa mesi on kogutud Saaremaa puhtast ja liigirikkast loodusest.<\/span><\/li>\n<li><span style=\"color: #555555\">Mee valmistamisel on kasutatud esivanemate tarkusi, et luua t\u00e4nap\u00e4evastele vajadustele sobivaid mesindustooteid.<\/span><\/li>\n<li><span style=\"color: #555555\">Uuem\u00f5isa mesilad asuvad Ida-Saaremaal, Koplim\u00e4e mahetalu ja M. Ranna dendraariumi l\u00e4heduses.<\/span><\/li>\n<\/ul>\n","protected":false},"featured_media":70069,"template":"","meta":{"inline_featured_image":false},"product_brand":[],"product_cat":[28,334],"product_tag":[],"class_list":{"0":"post-69988","1":"product","2":"type-product","3":"status-publish","4":"has-post-thumbnail","6":"product_cat-maitseandjad","7":"product_cat-saaremaa-mesi","9":"first","10":"instock","11":"taxable","12":"shipping-taxable","13":"purchasable","14":"product-type-simple"},"yoast_head":"<!-- This site is optimized with the Yoast SEO plugin v27.4 - https:\/\/yoast.com\/product\/yoast-seo-wordpress\/ -->\n<title>Kreemjas mesi 500g (Uuem\u00f5isa, Saaremaa) - BBQ Entertainment<\/title>\n<meta name=\"robots\" content=\"index, follow, max-snippet:-1, max-image-preview:large, max-video-preview:-1\" \/>\n<link rel=\"canonical\" href=\"https:\/\/bbqentertainment.com\/toode\/kreemjas-mesi-500g-uuemoisa-saaremaa\/\" \/>\n<meta property=\"og:locale\" content=\"en_US\" \/>\n<meta property=\"og:type\" content=\"article\" \/>\n<meta property=\"og:title\" content=\"Kreemjas mesi 500g (Uuem\u00f5isa, Saaremaa) - BBQ Entertainment\" \/>\n<meta property=\"og:description\" content=\"Kreemjas mesi 500g (Uuem\u00f5isa, Saaremaa)   100% looduslik! Ehtne Saaremaa toode!  Kreemjas ehk peenkristalne mesi on pehme ja seda on kerge m\u00e4\u00e4rida.  Kreemjas mesi on tavaline \u00f5iemesi, mis on saadud mee mehaanilise segamise tulemusena spetsiaalses meesegamismasinas. Segamise k\u00e4igus l\u00f5hutakse mee j\u00e4medad kristallid ja mesi muutub peenkristalseks. Segamists\u00fcklid on seadistatud nii, et 24 tunni jooksul toimub 5 segamist 30 minutilise kestvusega.  Kreemja mee valmistamiseks kulub 1-3 n\u00e4dalat. P\u00e4rast valmimist s\u00e4ilib kreemja mee olek ning mesi j\u00e4\u00e4bki pehmeks ja on kerge saiale m\u00e4\u00e4rida. T\u00f6\u00f6tlemisel midagi juurde ei lisata ja mesi oma omadusi ei kaota.  Seistes aja jooksul l\u00e4heb kreemja mee v\u00e4rvus heledamaks ja konsistents veidi paksemaks. Kui soovite kiirelt saada kreemja mee heledamaks siis asetage mesi jahedamasse kohta (nt +10 C juurde), siis muutub see umbes 2 n\u00e4dalaga heledamaks. Kreemja mee maitseomadused aja jooksul seistes ei muutu, ainult mee konsistents muutub seistes veidi paksemaks, kuid kindlasti see ei kristalliseeru kivik\u00f5vaks.  Uuem\u00f5isa mesi on kogutud Saaremaa puhtast ja liigirikkast loodusest.  Mee valmistamisel on kasutatud esivanemate tarkusi, et luua t\u00e4nap\u00e4evastele vajadustele sobivaid mesindustooteid.  Uuem\u00f5isa mesilad asuvad Ida-Saaremaal, Koplim\u00e4e mahetalu ja M. Ranna dendraariumi l\u00e4heduses.\" \/>\n<meta property=\"og:url\" content=\"https:\/\/bbqentertainment.com\/toode\/kreemjas-mesi-500g-uuemoisa-saaremaa\/\" \/>\n<meta property=\"og:site_name\" content=\"BBQ Entertainment\" \/>\n<meta property=\"article:publisher\" content=\"https:\/\/www.facebook.com\/BBQ-Entertainment-N-Catering-2437913376443540\" \/>\n<meta property=\"article:modified_time\" content=\"2025-10-22T10:19:06+00:00\" \/>\n<meta property=\"og:image\" content=\"https:\/\/bbqentertainment.com\/wp-content\/uploads\/2021\/01\/Kreemjas-mesi-500g-Uuemoisa-Saaremaa-EAN0768563265525-BBQ-Entertainment-OU.png\" \/>\n\t<meta property=\"og:image:width\" content=\"1464\" \/>\n\t<meta property=\"og:image:height\" content=\"1460\" \/>\n\t<meta property=\"og:image:type\" content=\"image\/png\" \/>\n<meta name=\"twitter:card\" content=\"summary_large_image\" \/>\n<meta name=\"twitter:label1\" content=\"Est. reading time\" \/>\n\t<meta name=\"twitter:data1\" content=\"1 minute\" \/>\n<script type=\"application\/ld+json\" class=\"yoast-schema-graph\">{\"@context\":\"https:\\\/\\\/schema.org\",\"@graph\":[{\"@type\":[\"WebPage\",\"ItemPage\"],\"@id\":\"https:\\\/\\\/bbqentertainment.com\\\/toode\\\/kreemjas-mesi-500g-uuemoisa-saaremaa\\\/\",\"url\":\"https:\\\/\\\/bbqentertainment.com\\\/toode\\\/kreemjas-mesi-500g-uuemoisa-saaremaa\\\/\",\"name\":\"Kreemjas mesi 500g (Uuem\u00f5isa, Saaremaa) - BBQ Entertainment\",\"isPartOf\":{\"@id\":\"https:\\\/\\\/bbqentertainment.com\\\/#website\"},\"primaryImageOfPage\":{\"@id\":\"https:\\\/\\\/bbqentertainment.com\\\/toode\\\/kreemjas-mesi-500g-uuemoisa-saaremaa\\\/#primaryimage\"},\"image\":{\"@id\":\"https:\\\/\\\/bbqentertainment.com\\\/toode\\\/kreemjas-mesi-500g-uuemoisa-saaremaa\\\/#primaryimage\"},\"thumbnailUrl\":\"https:\\\/\\\/bbqentertainment.com\\\/wp-content\\\/uploads\\\/2021\\\/01\\\/Kreemjas-mesi-500g-Uuemoisa-Saaremaa-EAN0768563265525-BBQ-Entertainment-OU.png\",\"datePublished\":\"2021-01-15T16:02:37+00:00\",\"dateModified\":\"2025-10-22T10:19:06+00:00\",\"breadcrumb\":{\"@id\":\"https:\\\/\\\/bbqentertainment.com\\\/toode\\\/kreemjas-mesi-500g-uuemoisa-saaremaa\\\/#breadcrumb\"},\"inLanguage\":\"en-US\",\"potentialAction\":[{\"@type\":\"ReadAction\",\"target\":[\"https:\\\/\\\/bbqentertainment.com\\\/toode\\\/kreemjas-mesi-500g-uuemoisa-saaremaa\\\/\"]}]},{\"@type\":\"ImageObject\",\"inLanguage\":\"en-US\",\"@id\":\"https:\\\/\\\/bbqentertainment.com\\\/toode\\\/kreemjas-mesi-500g-uuemoisa-saaremaa\\\/#primaryimage\",\"url\":\"https:\\\/\\\/bbqentertainment.com\\\/wp-content\\\/uploads\\\/2021\\\/01\\\/Kreemjas-mesi-500g-Uuemoisa-Saaremaa-EAN0768563265525-BBQ-Entertainment-OU.png\",\"contentUrl\":\"https:\\\/\\\/bbqentertainment.com\\\/wp-content\\\/uploads\\\/2021\\\/01\\\/Kreemjas-mesi-500g-Uuemoisa-Saaremaa-EAN0768563265525-BBQ-Entertainment-OU.png\",\"width\":1464,\"height\":1460},{\"@type\":\"BreadcrumbList\",\"@id\":\"https:\\\/\\\/bbqentertainment.com\\\/toode\\\/kreemjas-mesi-500g-uuemoisa-saaremaa\\\/#breadcrumb\",\"itemListElement\":[{\"@type\":\"ListItem\",\"position\":1,\"name\":\"AVALEHT\",\"item\":\"https:\\\/\\\/bbqentertainment.com\\\/en\\\/\"},{\"@type\":\"ListItem\",\"position\":2,\"name\":\"Tooted\",\"item\":\"https:\\\/\\\/bbqentertainment.com\\\/tooted\\\/\"},{\"@type\":\"ListItem\",\"position\":3,\"name\":\"Maitseandjad\",\"item\":\"https:\\\/\\\/bbqentertainment.com\\\/en\\\/tootekategooria\\\/maitseandjad\\\/\"},{\"@type\":\"ListItem\",\"position\":4,\"name\":\"Saaremaa mesi\",\"item\":\"https:\\\/\\\/bbqentertainment.com\\\/en\\\/tootekategooria\\\/maitseandjad\\\/saaremaa-mesi\\\/\"},{\"@type\":\"ListItem\",\"position\":5,\"name\":\"Kreemjas mesi 500g (Uuem\u00f5isa, Saaremaa)\"}]},{\"@type\":\"WebSite\",\"@id\":\"https:\\\/\\\/bbqentertainment.com\\\/#website\",\"url\":\"https:\\\/\\\/bbqentertainment.com\\\/\",\"name\":\"BBQ Entertainment\",\"description\":\"BBQ is a great lifestyle, not just fun!\",\"publisher\":{\"@id\":\"https:\\\/\\\/bbqentertainment.com\\\/#organization\"},\"potentialAction\":[{\"@type\":\"SearchAction\",\"target\":{\"@type\":\"EntryPoint\",\"urlTemplate\":\"https:\\\/\\\/bbqentertainment.com\\\/?s={search_term_string}\"},\"query-input\":{\"@type\":\"PropertyValueSpecification\",\"valueRequired\":true,\"valueName\":\"search_term_string\"}}],\"inLanguage\":\"en-US\"},{\"@type\":\"Organization\",\"@id\":\"https:\\\/\\\/bbqentertainment.com\\\/#organization\",\"name\":\"BBQ Entertainment O\u00dc\",\"url\":\"https:\\\/\\\/bbqentertainment.com\\\/\",\"logo\":{\"@type\":\"ImageObject\",\"inLanguage\":\"en-US\",\"@id\":\"https:\\\/\\\/bbqentertainment.com\\\/#\\\/schema\\\/logo\\\/image\\\/\",\"url\":\"https:\\\/\\\/bbqentertainment.com\\\/wp-content\\\/uploads\\\/2020\\\/04\\\/BBQ-Entertainment-N-Catering-Enn-Tobreluts-Logo.png\",\"contentUrl\":\"https:\\\/\\\/bbqentertainment.com\\\/wp-content\\\/uploads\\\/2020\\\/04\\\/BBQ-Entertainment-N-Catering-Enn-Tobreluts-Logo.png\",\"width\":628,\"height\":266,\"caption\":\"BBQ Entertainment O\u00dc\"},\"image\":{\"@id\":\"https:\\\/\\\/bbqentertainment.com\\\/#\\\/schema\\\/logo\\\/image\\\/\"},\"sameAs\":[\"https:\\\/\\\/www.facebook.com\\\/BBQ-Entertainment-N-Catering-2437913376443540\",\"https:\\\/\\\/www.instagram.com\\\/bbqentertainmentncatering\\\/\",\"https:\\\/\\\/www.youtube.com\\\/channel\\\/UCmpuANQVhLy2Md8nrenp2jA\"]}]}<\/script>\n<!-- \/ Yoast SEO plugin. -->","yoast_head_json":{"title":"Kreemjas mesi 500g (Uuem\u00f5isa, Saaremaa) - BBQ Entertainment","robots":{"index":"index","follow":"follow","max-snippet":"max-snippet:-1","max-image-preview":"max-image-preview:large","max-video-preview":"max-video-preview:-1"},"canonical":"https:\/\/bbqentertainment.com\/toode\/kreemjas-mesi-500g-uuemoisa-saaremaa\/","og_locale":"en_US","og_type":"article","og_title":"Kreemjas mesi 500g (Uuem\u00f5isa, Saaremaa) - BBQ Entertainment","og_description":"Kreemjas mesi 500g (Uuem\u00f5isa, Saaremaa)   100% looduslik! Ehtne Saaremaa toode!  Kreemjas ehk peenkristalne mesi on pehme ja seda on kerge m\u00e4\u00e4rida.  Kreemjas mesi on tavaline \u00f5iemesi, mis on saadud mee mehaanilise segamise tulemusena spetsiaalses meesegamismasinas. Segamise k\u00e4igus l\u00f5hutakse mee j\u00e4medad kristallid ja mesi muutub peenkristalseks. Segamists\u00fcklid on seadistatud nii, et 24 tunni jooksul toimub 5 segamist 30 minutilise kestvusega.  Kreemja mee valmistamiseks kulub 1-3 n\u00e4dalat. P\u00e4rast valmimist s\u00e4ilib kreemja mee olek ning mesi j\u00e4\u00e4bki pehmeks ja on kerge saiale m\u00e4\u00e4rida. T\u00f6\u00f6tlemisel midagi juurde ei lisata ja mesi oma omadusi ei kaota.  Seistes aja jooksul l\u00e4heb kreemja mee v\u00e4rvus heledamaks ja konsistents veidi paksemaks. Kui soovite kiirelt saada kreemja mee heledamaks siis asetage mesi jahedamasse kohta (nt +10 C juurde), siis muutub see umbes 2 n\u00e4dalaga heledamaks. Kreemja mee maitseomadused aja jooksul seistes ei muutu, ainult mee konsistents muutub seistes veidi paksemaks, kuid kindlasti see ei kristalliseeru kivik\u00f5vaks.  Uuem\u00f5isa mesi on kogutud Saaremaa puhtast ja liigirikkast loodusest.  Mee valmistamisel on kasutatud esivanemate tarkusi, et luua t\u00e4nap\u00e4evastele vajadustele sobivaid mesindustooteid.  Uuem\u00f5isa mesilad asuvad Ida-Saaremaal, Koplim\u00e4e mahetalu ja M. Ranna dendraariumi l\u00e4heduses.","og_url":"https:\/\/bbqentertainment.com\/toode\/kreemjas-mesi-500g-uuemoisa-saaremaa\/","og_site_name":"BBQ Entertainment","article_publisher":"https:\/\/www.facebook.com\/BBQ-Entertainment-N-Catering-2437913376443540","article_modified_time":"2025-10-22T10:19:06+00:00","og_image":[{"width":1464,"height":1460,"url":"https:\/\/bbqentertainment.com\/wp-content\/uploads\/2021\/01\/Kreemjas-mesi-500g-Uuemoisa-Saaremaa-EAN0768563265525-BBQ-Entertainment-OU.png","type":"image\/png"}],"twitter_card":"summary_large_image","twitter_misc":{"Est. reading time":"1 minute"},"schema":{"@context":"https:\/\/schema.org","@graph":[{"@type":["WebPage","ItemPage"],"@id":"https:\/\/bbqentertainment.com\/toode\/kreemjas-mesi-500g-uuemoisa-saaremaa\/","url":"https:\/\/bbqentertainment.com\/toode\/kreemjas-mesi-500g-uuemoisa-saaremaa\/","name":"Kreemjas mesi 500g (Uuem\u00f5isa, Saaremaa) - BBQ Entertainment","isPartOf":{"@id":"https:\/\/bbqentertainment.com\/#website"},"primaryImageOfPage":{"@id":"https:\/\/bbqentertainment.com\/toode\/kreemjas-mesi-500g-uuemoisa-saaremaa\/#primaryimage"},"image":{"@id":"https:\/\/bbqentertainment.com\/toode\/kreemjas-mesi-500g-uuemoisa-saaremaa\/#primaryimage"},"thumbnailUrl":"https:\/\/bbqentertainment.com\/wp-content\/uploads\/2021\/01\/Kreemjas-mesi-500g-Uuemoisa-Saaremaa-EAN0768563265525-BBQ-Entertainment-OU.png","datePublished":"2021-01-15T16:02:37+00:00","dateModified":"2025-10-22T10:19:06+00:00","breadcrumb":{"@id":"https:\/\/bbqentertainment.com\/toode\/kreemjas-mesi-500g-uuemoisa-saaremaa\/#breadcrumb"},"inLanguage":"en-US","potentialAction":[{"@type":"ReadAction","target":["https:\/\/bbqentertainment.com\/toode\/kreemjas-mesi-500g-uuemoisa-saaremaa\/"]}]},{"@type":"ImageObject","inLanguage":"en-US","@id":"https:\/\/bbqentertainment.com\/toode\/kreemjas-mesi-500g-uuemoisa-saaremaa\/#primaryimage","url":"https:\/\/bbqentertainment.com\/wp-content\/uploads\/2021\/01\/Kreemjas-mesi-500g-Uuemoisa-Saaremaa-EAN0768563265525-BBQ-Entertainment-OU.png","contentUrl":"https:\/\/bbqentertainment.com\/wp-content\/uploads\/2021\/01\/Kreemjas-mesi-500g-Uuemoisa-Saaremaa-EAN0768563265525-BBQ-Entertainment-OU.png","width":1464,"height":1460},{"@type":"BreadcrumbList","@id":"https:\/\/bbqentertainment.com\/toode\/kreemjas-mesi-500g-uuemoisa-saaremaa\/#breadcrumb","itemListElement":[{"@type":"ListItem","position":1,"name":"AVALEHT","item":"https:\/\/bbqentertainment.com\/en\/"},{"@type":"ListItem","position":2,"name":"Tooted","item":"https:\/\/bbqentertainment.com\/tooted\/"},{"@type":"ListItem","position":3,"name":"Maitseandjad","item":"https:\/\/bbqentertainment.com\/en\/tootekategooria\/maitseandjad\/"},{"@type":"ListItem","position":4,"name":"Saaremaa mesi","item":"https:\/\/bbqentertainment.com\/en\/tootekategooria\/maitseandjad\/saaremaa-mesi\/"},{"@type":"ListItem","position":5,"name":"Kreemjas mesi 500g (Uuem\u00f5isa, Saaremaa)"}]},{"@type":"WebSite","@id":"https:\/\/bbqentertainment.com\/#website","url":"https:\/\/bbqentertainment.com\/","name":"BBQ Entertainment","description":"BBQ is a great lifestyle, not just fun!","publisher":{"@id":"https:\/\/bbqentertainment.com\/#organization"},"potentialAction":[{"@type":"SearchAction","target":{"@type":"EntryPoint","urlTemplate":"https:\/\/bbqentertainment.com\/?s={search_term_string}"},"query-input":{"@type":"PropertyValueSpecification","valueRequired":true,"valueName":"search_term_string"}}],"inLanguage":"en-US"},{"@type":"Organization","@id":"https:\/\/bbqentertainment.com\/#organization","name":"BBQ Entertainment O\u00dc","url":"https:\/\/bbqentertainment.com\/","logo":{"@type":"ImageObject","inLanguage":"en-US","@id":"https:\/\/bbqentertainment.com\/#\/schema\/logo\/image\/","url":"https:\/\/bbqentertainment.com\/wp-content\/uploads\/2020\/04\/BBQ-Entertainment-N-Catering-Enn-Tobreluts-Logo.png","contentUrl":"https:\/\/bbqentertainment.com\/wp-content\/uploads\/2020\/04\/BBQ-Entertainment-N-Catering-Enn-Tobreluts-Logo.png","width":628,"height":266,"caption":"BBQ Entertainment O\u00dc"},"image":{"@id":"https:\/\/bbqentertainment.com\/#\/schema\/logo\/image\/"},"sameAs":["https:\/\/www.facebook.com\/BBQ-Entertainment-N-Catering-2437913376443540","https:\/\/www.instagram.com\/bbqentertainmentncatering\/","https:\/\/www.youtube.com\/channel\/UCmpuANQVhLy2Md8nrenp2jA"]}]}},"_links":{"self":[{"href":"https:\/\/bbqentertainment.com\/en\/wp-json\/wp\/v2\/product\/69988","targetHints":{"allow":["GET"]}}],"collection":[{"href":"https:\/\/bbqentertainment.com\/en\/wp-json\/wp\/v2\/product"}],"about":[{"href":"https:\/\/bbqentertainment.com\/en\/wp-json\/wp\/v2\/types\/product"}],"wp:featuredmedia":[{"embeddable":true,"href":"https:\/\/bbqentertainment.com\/en\/wp-json\/wp\/v2\/media\/70069"}],"wp:attachment":[{"href":"https:\/\/bbqentertainment.com\/en\/wp-json\/wp\/v2\/media?parent=69988"}],"wp:term":[{"taxonomy":"product_brand","embeddable":true,"href":"https:\/\/bbqentertainment.com\/en\/wp-json\/wp\/v2\/product_brand?post=69988"},{"taxonomy":"product_cat","embeddable":true,"href":"https:\/\/bbqentertainment.com\/en\/wp-json\/wp\/v2\/product_cat?post=69988"},{"taxonomy":"product_tag","embeddable":true,"href":"https:\/\/bbqentertainment.com\/en\/wp-json\/wp\/v2\/product_tag?post=69988"}],"curies":[{"name":"wp","href":"https:\/\/api.w.org\/{rel}","templated":true}]}}