{"id":70016,"date":"2021-01-15T18:26:30","date_gmt":"2021-01-15T16:26:30","guid":{"rendered":"https:\/\/bbqentertainment.com\/?post_type=product&#038;p=70016"},"modified":"2025-10-22T14:49:04","modified_gmt":"2025-10-22T11:49:04","slug":"suir-130g-uuemoisa-saaremaa","status":"publish","type":"product","link":"https:\/\/bbqentertainment.com\/en\/toode\/suir-130g-uuemoisa-saaremaa\/","title":{"rendered":"Suir 130g (Uuem\u00f5isa, Saaremaa)"},"content":{"rendered":"","protected":false},"excerpt":{"rendered":"<h3><strong>Suir 130g klaaspurgis (Uuem\u00f5isa, Saaremaa)<\/strong><\/h3>\n<ul>\n<li>Ehtne Saaremaa toode!<\/li>\n<li>Suir on 100% looduslik immuuns\u00fcsteemi tugevdaja.<\/li>\n<li>Vitamiinide, mineraalide, piimhappe, suhkrute ja ens\u00fc\u00fcmide sisalduse t\u00f5ttu tugevdab suir organismi.<\/li>\n<li>Suiras on B-grupi vitamiinid, C-, D-, E-, K-, ja P-vitamiin, mikro- ja makroelemendid (kaalium, magneesium, fosfor, raud, jood, koobalt jm), asendamatud amino- ja rasvhapped (oomega-3 ja oomega-6 rasvhapped), fermendid, looduslikud antibiootikumid ja antioks\u00fcdandid.<\/li>\n<li>Suira valmistamiseks koguvad mesilased taimedelt \u00f5ietolmu, suruvad selle tihedasti k\u00e4rjekannu, lisavad enda poolt ens\u00fc\u00fcmid ja konserveerivad meega. Seej\u00e4rel toimub \u00f5ietolmu piimhappe k\u00e4\u00e4rimine, mis annab suirale iseloomuliku hapuka maitse.<\/li>\n<li>Tarbimisjuhend: soovitatav kogus p\u00e4evas on 1-2 teelusikat\u00e4it (6-12 g) 20 minutit enne s\u00f6\u00f6ki. Mitte tarbida \u00f5htul, kuna on stimuleeriva toimega.<\/li>\n<li>Uuem\u00f5isa mesi on kogutud Saaremaa puhtast ja liigirikkast loodusest. Mee valmistamisel on kasutatud esivanemate tarkusi, et luua t\u00e4nap\u00e4evastele vajadustele sobivaid mesindustooteid. Uuem\u00f5isa mesilad asuvad Ida-Saaremaal, Koplim\u00e4e mahetalu ja M. Ranna dendraariumi l\u00e4heduses.<\/li>\n<\/ul>\n","protected":false},"featured_media":70017,"template":"","meta":{"inline_featured_image":false},"product_brand":[],"product_cat":[28,334],"product_tag":[],"class_list":{"0":"post-70016","1":"product","2":"type-product","3":"status-publish","4":"has-post-thumbnail","6":"product_cat-maitseandjad","7":"product_cat-saaremaa-mesi","9":"first","10":"instock","11":"taxable","12":"shipping-taxable","13":"purchasable","14":"product-type-simple"},"yoast_head":"<!-- This site is optimized with the Yoast SEO plugin v27.4 - https:\/\/yoast.com\/product\/yoast-seo-wordpress\/ -->\n<title>Suir 130g (Uuem\u00f5isa, Saaremaa) - BBQ Entertainment<\/title>\n<meta name=\"robots\" content=\"index, follow, max-snippet:-1, max-image-preview:large, max-video-preview:-1\" \/>\n<link rel=\"canonical\" href=\"https:\/\/bbqentertainment.com\/toode\/suir-130g-uuemoisa-saaremaa\/\" \/>\n<meta property=\"og:locale\" content=\"en_US\" \/>\n<meta property=\"og:type\" content=\"article\" \/>\n<meta property=\"og:title\" content=\"Suir 130g (Uuem\u00f5isa, Saaremaa) - BBQ Entertainment\" \/>\n<meta property=\"og:description\" content=\"Suir 130g klaaspurgis (Uuem\u00f5isa, Saaremaa)   Ehtne Saaremaa toode!  Suir on 100% looduslik immuuns\u00fcsteemi tugevdaja.  Vitamiinide, mineraalide, piimhappe, suhkrute ja ens\u00fc\u00fcmide sisalduse t\u00f5ttu tugevdab suir organismi.  Suiras on B-grupi vitamiinid, C-, D-, E-, K-, ja P-vitamiin, mikro- ja makroelemendid (kaalium, magneesium, fosfor, raud, jood, koobalt jm), asendamatud amino- ja rasvhapped (oomega-3 ja oomega-6 rasvhapped), fermendid, looduslikud antibiootikumid ja antioks\u00fcdandid.  Suira valmistamiseks koguvad mesilased taimedelt \u00f5ietolmu, suruvad selle tihedasti k\u00e4rjekannu, lisavad enda poolt ens\u00fc\u00fcmid ja konserveerivad meega. Seej\u00e4rel toimub \u00f5ietolmu piimhappe k\u00e4\u00e4rimine, mis annab suirale iseloomuliku hapuka maitse.  Tarbimisjuhend: soovitatav kogus p\u00e4evas on 1-2 teelusikat\u00e4it (6-12 g) 20 minutit enne s\u00f6\u00f6ki. Mitte tarbida \u00f5htul, kuna on stimuleeriva toimega.  Uuem\u00f5isa mesi on kogutud Saaremaa puhtast ja liigirikkast loodusest. Mee valmistamisel on kasutatud esivanemate tarkusi, et luua t\u00e4nap\u00e4evastele vajadustele sobivaid mesindustooteid. Uuem\u00f5isa mesilad asuvad Ida-Saaremaal, Koplim\u00e4e mahetalu ja M. Ranna dendraariumi l\u00e4heduses.\" \/>\n<meta property=\"og:url\" content=\"https:\/\/bbqentertainment.com\/toode\/suir-130g-uuemoisa-saaremaa\/\" \/>\n<meta property=\"og:site_name\" content=\"BBQ Entertainment\" \/>\n<meta property=\"article:publisher\" content=\"https:\/\/www.facebook.com\/BBQ-Entertainment-N-Catering-2437913376443540\" \/>\n<meta property=\"article:modified_time\" content=\"2025-10-22T11:49:04+00:00\" \/>\n<meta property=\"og:image\" content=\"https:\/\/bbqentertainment.com\/wp-content\/uploads\/2021\/01\/Suir-130-g-Uuemoisa-Saaremaa-EAN0768563266638-BBQ-Entertainment-OU.jpeg\" \/>\n\t<meta property=\"og:image:width\" content=\"1514\" \/>\n\t<meta property=\"og:image:height\" content=\"1514\" \/>\n\t<meta property=\"og:image:type\" content=\"image\/jpeg\" \/>\n<meta name=\"twitter:card\" content=\"summary_large_image\" \/>\n<meta name=\"twitter:label1\" content=\"Est. reading time\" \/>\n\t<meta name=\"twitter:data1\" content=\"1 minute\" \/>\n<script type=\"application\/ld+json\" class=\"yoast-schema-graph\">{\"@context\":\"https:\\\/\\\/schema.org\",\"@graph\":[{\"@type\":[\"WebPage\",\"ItemPage\"],\"@id\":\"https:\\\/\\\/bbqentertainment.com\\\/toode\\\/suir-130g-uuemoisa-saaremaa\\\/\",\"url\":\"https:\\\/\\\/bbqentertainment.com\\\/toode\\\/suir-130g-uuemoisa-saaremaa\\\/\",\"name\":\"Suir 130g (Uuem\u00f5isa, Saaremaa) - BBQ Entertainment\",\"isPartOf\":{\"@id\":\"https:\\\/\\\/bbqentertainment.com\\\/#website\"},\"primaryImageOfPage\":{\"@id\":\"https:\\\/\\\/bbqentertainment.com\\\/toode\\\/suir-130g-uuemoisa-saaremaa\\\/#primaryimage\"},\"image\":{\"@id\":\"https:\\\/\\\/bbqentertainment.com\\\/toode\\\/suir-130g-uuemoisa-saaremaa\\\/#primaryimage\"},\"thumbnailUrl\":\"https:\\\/\\\/bbqentertainment.com\\\/wp-content\\\/uploads\\\/2021\\\/01\\\/Suir-130-g-Uuemoisa-Saaremaa-EAN0768563266638-BBQ-Entertainment-OU.jpeg\",\"datePublished\":\"2021-01-15T16:26:30+00:00\",\"dateModified\":\"2025-10-22T11:49:04+00:00\",\"breadcrumb\":{\"@id\":\"https:\\\/\\\/bbqentertainment.com\\\/toode\\\/suir-130g-uuemoisa-saaremaa\\\/#breadcrumb\"},\"inLanguage\":\"en-US\",\"potentialAction\":[{\"@type\":\"ReadAction\",\"target\":[\"https:\\\/\\\/bbqentertainment.com\\\/toode\\\/suir-130g-uuemoisa-saaremaa\\\/\"]}]},{\"@type\":\"ImageObject\",\"inLanguage\":\"en-US\",\"@id\":\"https:\\\/\\\/bbqentertainment.com\\\/toode\\\/suir-130g-uuemoisa-saaremaa\\\/#primaryimage\",\"url\":\"https:\\\/\\\/bbqentertainment.com\\\/wp-content\\\/uploads\\\/2021\\\/01\\\/Suir-130-g-Uuemoisa-Saaremaa-EAN0768563266638-BBQ-Entertainment-OU.jpeg\",\"contentUrl\":\"https:\\\/\\\/bbqentertainment.com\\\/wp-content\\\/uploads\\\/2021\\\/01\\\/Suir-130-g-Uuemoisa-Saaremaa-EAN0768563266638-BBQ-Entertainment-OU.jpeg\",\"width\":1514,\"height\":1514},{\"@type\":\"BreadcrumbList\",\"@id\":\"https:\\\/\\\/bbqentertainment.com\\\/toode\\\/suir-130g-uuemoisa-saaremaa\\\/#breadcrumb\",\"itemListElement\":[{\"@type\":\"ListItem\",\"position\":1,\"name\":\"AVALEHT\",\"item\":\"https:\\\/\\\/bbqentertainment.com\\\/en\\\/\"},{\"@type\":\"ListItem\",\"position\":2,\"name\":\"Tooted\",\"item\":\"https:\\\/\\\/bbqentertainment.com\\\/tooted\\\/\"},{\"@type\":\"ListItem\",\"position\":3,\"name\":\"Maitseandjad\",\"item\":\"https:\\\/\\\/bbqentertainment.com\\\/en\\\/tootekategooria\\\/maitseandjad\\\/\"},{\"@type\":\"ListItem\",\"position\":4,\"name\":\"Saaremaa mesi\",\"item\":\"https:\\\/\\\/bbqentertainment.com\\\/en\\\/tootekategooria\\\/maitseandjad\\\/saaremaa-mesi\\\/\"},{\"@type\":\"ListItem\",\"position\":5,\"name\":\"Suir 130g (Uuem\u00f5isa, Saaremaa)\"}]},{\"@type\":\"WebSite\",\"@id\":\"https:\\\/\\\/bbqentertainment.com\\\/#website\",\"url\":\"https:\\\/\\\/bbqentertainment.com\\\/\",\"name\":\"BBQ Entertainment\",\"description\":\"BBQ is a great lifestyle, not just fun!\",\"publisher\":{\"@id\":\"https:\\\/\\\/bbqentertainment.com\\\/#organization\"},\"potentialAction\":[{\"@type\":\"SearchAction\",\"target\":{\"@type\":\"EntryPoint\",\"urlTemplate\":\"https:\\\/\\\/bbqentertainment.com\\\/?s={search_term_string}\"},\"query-input\":{\"@type\":\"PropertyValueSpecification\",\"valueRequired\":true,\"valueName\":\"search_term_string\"}}],\"inLanguage\":\"en-US\"},{\"@type\":\"Organization\",\"@id\":\"https:\\\/\\\/bbqentertainment.com\\\/#organization\",\"name\":\"BBQ Entertainment O\u00dc\",\"url\":\"https:\\\/\\\/bbqentertainment.com\\\/\",\"logo\":{\"@type\":\"ImageObject\",\"inLanguage\":\"en-US\",\"@id\":\"https:\\\/\\\/bbqentertainment.com\\\/#\\\/schema\\\/logo\\\/image\\\/\",\"url\":\"https:\\\/\\\/bbqentertainment.com\\\/wp-content\\\/uploads\\\/2020\\\/04\\\/BBQ-Entertainment-N-Catering-Enn-Tobreluts-Logo.png\",\"contentUrl\":\"https:\\\/\\\/bbqentertainment.com\\\/wp-content\\\/uploads\\\/2020\\\/04\\\/BBQ-Entertainment-N-Catering-Enn-Tobreluts-Logo.png\",\"width\":628,\"height\":266,\"caption\":\"BBQ Entertainment O\u00dc\"},\"image\":{\"@id\":\"https:\\\/\\\/bbqentertainment.com\\\/#\\\/schema\\\/logo\\\/image\\\/\"},\"sameAs\":[\"https:\\\/\\\/www.facebook.com\\\/BBQ-Entertainment-N-Catering-2437913376443540\",\"https:\\\/\\\/www.instagram.com\\\/bbqentertainmentncatering\\\/\",\"https:\\\/\\\/www.youtube.com\\\/channel\\\/UCmpuANQVhLy2Md8nrenp2jA\"]}]}<\/script>\n<!-- \/ Yoast SEO plugin. -->","yoast_head_json":{"title":"Suir 130g (Uuem\u00f5isa, Saaremaa) - BBQ Entertainment","robots":{"index":"index","follow":"follow","max-snippet":"max-snippet:-1","max-image-preview":"max-image-preview:large","max-video-preview":"max-video-preview:-1"},"canonical":"https:\/\/bbqentertainment.com\/toode\/suir-130g-uuemoisa-saaremaa\/","og_locale":"en_US","og_type":"article","og_title":"Suir 130g (Uuem\u00f5isa, Saaremaa) - BBQ Entertainment","og_description":"Suir 130g klaaspurgis (Uuem\u00f5isa, Saaremaa)   Ehtne Saaremaa toode!  Suir on 100% looduslik immuuns\u00fcsteemi tugevdaja.  Vitamiinide, mineraalide, piimhappe, suhkrute ja ens\u00fc\u00fcmide sisalduse t\u00f5ttu tugevdab suir organismi.  Suiras on B-grupi vitamiinid, C-, D-, E-, K-, ja P-vitamiin, mikro- ja makroelemendid (kaalium, magneesium, fosfor, raud, jood, koobalt jm), asendamatud amino- ja rasvhapped (oomega-3 ja oomega-6 rasvhapped), fermendid, looduslikud antibiootikumid ja antioks\u00fcdandid.  Suira valmistamiseks koguvad mesilased taimedelt \u00f5ietolmu, suruvad selle tihedasti k\u00e4rjekannu, lisavad enda poolt ens\u00fc\u00fcmid ja konserveerivad meega. Seej\u00e4rel toimub \u00f5ietolmu piimhappe k\u00e4\u00e4rimine, mis annab suirale iseloomuliku hapuka maitse.  Tarbimisjuhend: soovitatav kogus p\u00e4evas on 1-2 teelusikat\u00e4it (6-12 g) 20 minutit enne s\u00f6\u00f6ki. Mitte tarbida \u00f5htul, kuna on stimuleeriva toimega.  Uuem\u00f5isa mesi on kogutud Saaremaa puhtast ja liigirikkast loodusest. Mee valmistamisel on kasutatud esivanemate tarkusi, et luua t\u00e4nap\u00e4evastele vajadustele sobivaid mesindustooteid. Uuem\u00f5isa mesilad asuvad Ida-Saaremaal, Koplim\u00e4e mahetalu ja M. Ranna dendraariumi l\u00e4heduses.","og_url":"https:\/\/bbqentertainment.com\/toode\/suir-130g-uuemoisa-saaremaa\/","og_site_name":"BBQ Entertainment","article_publisher":"https:\/\/www.facebook.com\/BBQ-Entertainment-N-Catering-2437913376443540","article_modified_time":"2025-10-22T11:49:04+00:00","og_image":[{"width":1514,"height":1514,"url":"https:\/\/bbqentertainment.com\/wp-content\/uploads\/2021\/01\/Suir-130-g-Uuemoisa-Saaremaa-EAN0768563266638-BBQ-Entertainment-OU.jpeg","type":"image\/jpeg"}],"twitter_card":"summary_large_image","twitter_misc":{"Est. reading time":"1 minute"},"schema":{"@context":"https:\/\/schema.org","@graph":[{"@type":["WebPage","ItemPage"],"@id":"https:\/\/bbqentertainment.com\/toode\/suir-130g-uuemoisa-saaremaa\/","url":"https:\/\/bbqentertainment.com\/toode\/suir-130g-uuemoisa-saaremaa\/","name":"Suir 130g (Uuem\u00f5isa, Saaremaa) - BBQ Entertainment","isPartOf":{"@id":"https:\/\/bbqentertainment.com\/#website"},"primaryImageOfPage":{"@id":"https:\/\/bbqentertainment.com\/toode\/suir-130g-uuemoisa-saaremaa\/#primaryimage"},"image":{"@id":"https:\/\/bbqentertainment.com\/toode\/suir-130g-uuemoisa-saaremaa\/#primaryimage"},"thumbnailUrl":"https:\/\/bbqentertainment.com\/wp-content\/uploads\/2021\/01\/Suir-130-g-Uuemoisa-Saaremaa-EAN0768563266638-BBQ-Entertainment-OU.jpeg","datePublished":"2021-01-15T16:26:30+00:00","dateModified":"2025-10-22T11:49:04+00:00","breadcrumb":{"@id":"https:\/\/bbqentertainment.com\/toode\/suir-130g-uuemoisa-saaremaa\/#breadcrumb"},"inLanguage":"en-US","potentialAction":[{"@type":"ReadAction","target":["https:\/\/bbqentertainment.com\/toode\/suir-130g-uuemoisa-saaremaa\/"]}]},{"@type":"ImageObject","inLanguage":"en-US","@id":"https:\/\/bbqentertainment.com\/toode\/suir-130g-uuemoisa-saaremaa\/#primaryimage","url":"https:\/\/bbqentertainment.com\/wp-content\/uploads\/2021\/01\/Suir-130-g-Uuemoisa-Saaremaa-EAN0768563266638-BBQ-Entertainment-OU.jpeg","contentUrl":"https:\/\/bbqentertainment.com\/wp-content\/uploads\/2021\/01\/Suir-130-g-Uuemoisa-Saaremaa-EAN0768563266638-BBQ-Entertainment-OU.jpeg","width":1514,"height":1514},{"@type":"BreadcrumbList","@id":"https:\/\/bbqentertainment.com\/toode\/suir-130g-uuemoisa-saaremaa\/#breadcrumb","itemListElement":[{"@type":"ListItem","position":1,"name":"AVALEHT","item":"https:\/\/bbqentertainment.com\/en\/"},{"@type":"ListItem","position":2,"name":"Tooted","item":"https:\/\/bbqentertainment.com\/tooted\/"},{"@type":"ListItem","position":3,"name":"Maitseandjad","item":"https:\/\/bbqentertainment.com\/en\/tootekategooria\/maitseandjad\/"},{"@type":"ListItem","position":4,"name":"Saaremaa mesi","item":"https:\/\/bbqentertainment.com\/en\/tootekategooria\/maitseandjad\/saaremaa-mesi\/"},{"@type":"ListItem","position":5,"name":"Suir 130g (Uuem\u00f5isa, Saaremaa)"}]},{"@type":"WebSite","@id":"https:\/\/bbqentertainment.com\/#website","url":"https:\/\/bbqentertainment.com\/","name":"BBQ Entertainment","description":"BBQ is a great lifestyle, not just fun!","publisher":{"@id":"https:\/\/bbqentertainment.com\/#organization"},"potentialAction":[{"@type":"SearchAction","target":{"@type":"EntryPoint","urlTemplate":"https:\/\/bbqentertainment.com\/?s={search_term_string}"},"query-input":{"@type":"PropertyValueSpecification","valueRequired":true,"valueName":"search_term_string"}}],"inLanguage":"en-US"},{"@type":"Organization","@id":"https:\/\/bbqentertainment.com\/#organization","name":"BBQ Entertainment O\u00dc","url":"https:\/\/bbqentertainment.com\/","logo":{"@type":"ImageObject","inLanguage":"en-US","@id":"https:\/\/bbqentertainment.com\/#\/schema\/logo\/image\/","url":"https:\/\/bbqentertainment.com\/wp-content\/uploads\/2020\/04\/BBQ-Entertainment-N-Catering-Enn-Tobreluts-Logo.png","contentUrl":"https:\/\/bbqentertainment.com\/wp-content\/uploads\/2020\/04\/BBQ-Entertainment-N-Catering-Enn-Tobreluts-Logo.png","width":628,"height":266,"caption":"BBQ Entertainment O\u00dc"},"image":{"@id":"https:\/\/bbqentertainment.com\/#\/schema\/logo\/image\/"},"sameAs":["https:\/\/www.facebook.com\/BBQ-Entertainment-N-Catering-2437913376443540","https:\/\/www.instagram.com\/bbqentertainmentncatering\/","https:\/\/www.youtube.com\/channel\/UCmpuANQVhLy2Md8nrenp2jA"]}]}},"_links":{"self":[{"href":"https:\/\/bbqentertainment.com\/en\/wp-json\/wp\/v2\/product\/70016","targetHints":{"allow":["GET"]}}],"collection":[{"href":"https:\/\/bbqentertainment.com\/en\/wp-json\/wp\/v2\/product"}],"about":[{"href":"https:\/\/bbqentertainment.com\/en\/wp-json\/wp\/v2\/types\/product"}],"wp:featuredmedia":[{"embeddable":true,"href":"https:\/\/bbqentertainment.com\/en\/wp-json\/wp\/v2\/media\/70017"}],"wp:attachment":[{"href":"https:\/\/bbqentertainment.com\/en\/wp-json\/wp\/v2\/media?parent=70016"}],"wp:term":[{"taxonomy":"product_brand","embeddable":true,"href":"https:\/\/bbqentertainment.com\/en\/wp-json\/wp\/v2\/product_brand?post=70016"},{"taxonomy":"product_cat","embeddable":true,"href":"https:\/\/bbqentertainment.com\/en\/wp-json\/wp\/v2\/product_cat?post=70016"},{"taxonomy":"product_tag","embeddable":true,"href":"https:\/\/bbqentertainment.com\/en\/wp-json\/wp\/v2\/product_tag?post=70016"}],"curies":[{"name":"wp","href":"https:\/\/api.w.org\/{rel}","templated":true}]}}