{"id":884,"date":"2020-03-10T20:24:07","date_gmt":"2020-03-10T18:24:07","guid":{"rendered":"https:\/\/bbqentertainment.com\/?post_type=product&#038;p=884"},"modified":"2025-11-04T15:29:57","modified_gmt":"2025-11-04T13:29:57","slug":"maldon-pipraveski","status":"publish","type":"product","link":"https:\/\/bbqentertainment.com\/en\/toode\/maldon-pipraveski\/","title":{"rendered":"Maldon musta terapipra veski 50g"},"content":{"rendered":"<p><strong>BBQ Entertainment O\u00dc on MALDON SALT COMPANY ametlik eksklusiivne maaletooja Eestis!<\/strong><\/p>\n<p>Alates 1882-st aastast on Osborne perefirma Maldon Salt Company Limited tootnud maailmas enim hinnatud looduslikke meresoolahelbeid. Maldon soolad on saadaval sisuliselt \u00fcle maailma ja see on kvaliteedi absoluutne tipptase! Maldoni musta terapipra veski sobib liha, kala, mereandide, juurviljade, kastmete, suppide, marinaadide ja magustoitude maitsestamiseks. Ja seda kasutatakse ka toidu maitsestamiseks vahetult enne s\u00f6\u00f6mist.<\/p>\n","protected":false},"excerpt":{"rendered":"<h3><strong>Maldon musta terapipra veski 50g<\/strong><\/h3>\n<ul>\n<li>Maailma parim kvaliteet!<\/li>\n<li>Toodetud Inglismaal (alates aastast 1882)<\/li>\n<li>V\u00e4ga mugavalt kasutatav k\u00e4ep\u00e4rane pipraveski<\/li>\n<li>Maldoni mustad\u00a0pipraterad kasvatatakse hoolikalt ideaalses kliimas, et anda neile erip\u00e4rane maitse ja tekstuur<\/li>\n<li>Maldoni musta terapipra veski on t\u00e4iuslikuks\u00a0maitsepartneriks Maldoni meresoolahelvestele<\/li>\n<\/ul>\n","protected":false},"featured_media":241348,"template":"","meta":{"inline_featured_image":false},"product_brand":[],"product_cat":[28,31],"product_tag":[],"class_list":{"0":"post-884","1":"product","2":"type-product","3":"status-publish","4":"has-post-thumbnail","6":"product_cat-maitseandjad","7":"product_cat-maldon-helvessool","9":"first","10":"instock","11":"taxable","12":"shipping-taxable","13":"purchasable","14":"product-type-simple"},"yoast_head":"<!-- This site is optimized with the Yoast SEO plugin v27.4 - https:\/\/yoast.com\/product\/yoast-seo-wordpress\/ -->\n<title>Maldon musta terapipra veski 50g - BBQ Entertainment<\/title>\n<meta name=\"robots\" content=\"index, follow, max-snippet:-1, max-image-preview:large, max-video-preview:-1\" \/>\n<link rel=\"canonical\" href=\"https:\/\/bbqentertainment.com\/toode\/maldon-pipraveski\/\" \/>\n<meta property=\"og:locale\" content=\"en_US\" \/>\n<meta property=\"og:type\" content=\"article\" \/>\n<meta property=\"og:title\" content=\"Maldon musta terapipra veski 50g - BBQ Entertainment\" \/>\n<meta property=\"og:description\" content=\"Maldon musta terapipra veski 50g   Maailma parim kvaliteet!  Toodetud Inglismaal (alates aastast 1882)  V\u00e4ga mugavalt kasutatav k\u00e4ep\u00e4rane pipraveski  Maldoni mustad\u00a0pipraterad kasvatatakse hoolikalt ideaalses kliimas, et anda neile erip\u00e4rane maitse ja tekstuur  Maldoni musta terapipra veski on t\u00e4iuslikuks\u00a0maitsepartneriks Maldoni meresoolahelvestele\" \/>\n<meta property=\"og:url\" content=\"https:\/\/bbqentertainment.com\/toode\/maldon-pipraveski\/\" \/>\n<meta property=\"og:site_name\" content=\"BBQ Entertainment\" \/>\n<meta property=\"article:publisher\" content=\"https:\/\/www.facebook.com\/BBQ-Entertainment-N-Catering-2437913376443540\" \/>\n<meta property=\"article:modified_time\" content=\"2025-11-04T13:29:57+00:00\" \/>\n<meta property=\"og:image\" content=\"https:\/\/bbqentertainment.com\/wp-content\/uploads\/2023\/03\/5011428000249Maldon-musta-terapipra-veski-50g-copy.jpg\" \/>\n\t<meta property=\"og:image:width\" content=\"1200\" \/>\n\t<meta property=\"og:image:height\" content=\"1200\" \/>\n\t<meta property=\"og:image:type\" content=\"image\/jpeg\" \/>\n<meta name=\"twitter:card\" content=\"summary_large_image\" \/>\n<meta name=\"twitter:label1\" content=\"Est. reading time\" \/>\n\t<meta name=\"twitter:data1\" content=\"1 minute\" \/>\n<script type=\"application\/ld+json\" class=\"yoast-schema-graph\">{\"@context\":\"https:\\\/\\\/schema.org\",\"@graph\":[{\"@type\":[\"WebPage\",\"ItemPage\"],\"@id\":\"https:\\\/\\\/bbqentertainment.com\\\/toode\\\/maldon-pipraveski\\\/\",\"url\":\"https:\\\/\\\/bbqentertainment.com\\\/toode\\\/maldon-pipraveski\\\/\",\"name\":\"Maldon musta terapipra veski 50g - BBQ Entertainment\",\"isPartOf\":{\"@id\":\"https:\\\/\\\/bbqentertainment.com\\\/#website\"},\"primaryImageOfPage\":{\"@id\":\"https:\\\/\\\/bbqentertainment.com\\\/toode\\\/maldon-pipraveski\\\/#primaryimage\"},\"image\":{\"@id\":\"https:\\\/\\\/bbqentertainment.com\\\/toode\\\/maldon-pipraveski\\\/#primaryimage\"},\"thumbnailUrl\":\"https:\\\/\\\/bbqentertainment.com\\\/wp-content\\\/uploads\\\/2023\\\/03\\\/5011428000249Maldon-musta-terapipra-veski-50g-copy.jpg\",\"datePublished\":\"2020-03-10T18:24:07+00:00\",\"dateModified\":\"2025-11-04T13:29:57+00:00\",\"breadcrumb\":{\"@id\":\"https:\\\/\\\/bbqentertainment.com\\\/toode\\\/maldon-pipraveski\\\/#breadcrumb\"},\"inLanguage\":\"en-US\",\"potentialAction\":[{\"@type\":\"ReadAction\",\"target\":[\"https:\\\/\\\/bbqentertainment.com\\\/toode\\\/maldon-pipraveski\\\/\"]}]},{\"@type\":\"ImageObject\",\"inLanguage\":\"en-US\",\"@id\":\"https:\\\/\\\/bbqentertainment.com\\\/toode\\\/maldon-pipraveski\\\/#primaryimage\",\"url\":\"https:\\\/\\\/bbqentertainment.com\\\/wp-content\\\/uploads\\\/2023\\\/03\\\/5011428000249Maldon-musta-terapipra-veski-50g-copy.jpg\",\"contentUrl\":\"https:\\\/\\\/bbqentertainment.com\\\/wp-content\\\/uploads\\\/2023\\\/03\\\/5011428000249Maldon-musta-terapipra-veski-50g-copy.jpg\",\"width\":1200,\"height\":1200},{\"@type\":\"BreadcrumbList\",\"@id\":\"https:\\\/\\\/bbqentertainment.com\\\/toode\\\/maldon-pipraveski\\\/#breadcrumb\",\"itemListElement\":[{\"@type\":\"ListItem\",\"position\":1,\"name\":\"AVALEHT\",\"item\":\"https:\\\/\\\/bbqentertainment.com\\\/en\\\/\"},{\"@type\":\"ListItem\",\"position\":2,\"name\":\"Tooted\",\"item\":\"https:\\\/\\\/bbqentertainment.com\\\/tooted\\\/\"},{\"@type\":\"ListItem\",\"position\":3,\"name\":\"Maitseandjad\",\"item\":\"https:\\\/\\\/bbqentertainment.com\\\/en\\\/tootekategooria\\\/maitseandjad\\\/\"},{\"@type\":\"ListItem\",\"position\":4,\"name\":\"Maldon helvessool\",\"item\":\"https:\\\/\\\/bbqentertainment.com\\\/tootekategooria\\\/maitseandjad\\\/maldon-helvessool\\\/\"},{\"@type\":\"ListItem\",\"position\":5,\"name\":\"Maldon musta terapipra veski 50g\"}]},{\"@type\":\"WebSite\",\"@id\":\"https:\\\/\\\/bbqentertainment.com\\\/#website\",\"url\":\"https:\\\/\\\/bbqentertainment.com\\\/\",\"name\":\"BBQ Entertainment\",\"description\":\"BBQ is a great lifestyle, not just fun!\",\"publisher\":{\"@id\":\"https:\\\/\\\/bbqentertainment.com\\\/#organization\"},\"potentialAction\":[{\"@type\":\"SearchAction\",\"target\":{\"@type\":\"EntryPoint\",\"urlTemplate\":\"https:\\\/\\\/bbqentertainment.com\\\/?s={search_term_string}\"},\"query-input\":{\"@type\":\"PropertyValueSpecification\",\"valueRequired\":true,\"valueName\":\"search_term_string\"}}],\"inLanguage\":\"en-US\"},{\"@type\":\"Organization\",\"@id\":\"https:\\\/\\\/bbqentertainment.com\\\/#organization\",\"name\":\"BBQ Entertainment O\u00dc\",\"url\":\"https:\\\/\\\/bbqentertainment.com\\\/\",\"logo\":{\"@type\":\"ImageObject\",\"inLanguage\":\"en-US\",\"@id\":\"https:\\\/\\\/bbqentertainment.com\\\/#\\\/schema\\\/logo\\\/image\\\/\",\"url\":\"https:\\\/\\\/bbqentertainment.com\\\/wp-content\\\/uploads\\\/2020\\\/04\\\/BBQ-Entertainment-N-Catering-Enn-Tobreluts-Logo.png\",\"contentUrl\":\"https:\\\/\\\/bbqentertainment.com\\\/wp-content\\\/uploads\\\/2020\\\/04\\\/BBQ-Entertainment-N-Catering-Enn-Tobreluts-Logo.png\",\"width\":628,\"height\":266,\"caption\":\"BBQ Entertainment O\u00dc\"},\"image\":{\"@id\":\"https:\\\/\\\/bbqentertainment.com\\\/#\\\/schema\\\/logo\\\/image\\\/\"},\"sameAs\":[\"https:\\\/\\\/www.facebook.com\\\/BBQ-Entertainment-N-Catering-2437913376443540\",\"https:\\\/\\\/www.instagram.com\\\/bbqentertainmentncatering\\\/\",\"https:\\\/\\\/www.youtube.com\\\/channel\\\/UCmpuANQVhLy2Md8nrenp2jA\"]}]}<\/script>\n<!-- \/ Yoast SEO plugin. -->","yoast_head_json":{"title":"Maldon musta terapipra veski 50g - BBQ Entertainment","robots":{"index":"index","follow":"follow","max-snippet":"max-snippet:-1","max-image-preview":"max-image-preview:large","max-video-preview":"max-video-preview:-1"},"canonical":"https:\/\/bbqentertainment.com\/toode\/maldon-pipraveski\/","og_locale":"en_US","og_type":"article","og_title":"Maldon musta terapipra veski 50g - BBQ Entertainment","og_description":"Maldon musta terapipra veski 50g   Maailma parim kvaliteet!  Toodetud Inglismaal (alates aastast 1882)  V\u00e4ga mugavalt kasutatav k\u00e4ep\u00e4rane pipraveski  Maldoni mustad\u00a0pipraterad kasvatatakse hoolikalt ideaalses kliimas, et anda neile erip\u00e4rane maitse ja tekstuur  Maldoni musta terapipra veski on t\u00e4iuslikuks\u00a0maitsepartneriks Maldoni meresoolahelvestele","og_url":"https:\/\/bbqentertainment.com\/toode\/maldon-pipraveski\/","og_site_name":"BBQ Entertainment","article_publisher":"https:\/\/www.facebook.com\/BBQ-Entertainment-N-Catering-2437913376443540","article_modified_time":"2025-11-04T13:29:57+00:00","og_image":[{"width":1200,"height":1200,"url":"https:\/\/bbqentertainment.com\/wp-content\/uploads\/2023\/03\/5011428000249Maldon-musta-terapipra-veski-50g-copy.jpg","type":"image\/jpeg"}],"twitter_card":"summary_large_image","twitter_misc":{"Est. reading time":"1 minute"},"schema":{"@context":"https:\/\/schema.org","@graph":[{"@type":["WebPage","ItemPage"],"@id":"https:\/\/bbqentertainment.com\/toode\/maldon-pipraveski\/","url":"https:\/\/bbqentertainment.com\/toode\/maldon-pipraveski\/","name":"Maldon musta terapipra veski 50g - BBQ Entertainment","isPartOf":{"@id":"https:\/\/bbqentertainment.com\/#website"},"primaryImageOfPage":{"@id":"https:\/\/bbqentertainment.com\/toode\/maldon-pipraveski\/#primaryimage"},"image":{"@id":"https:\/\/bbqentertainment.com\/toode\/maldon-pipraveski\/#primaryimage"},"thumbnailUrl":"https:\/\/bbqentertainment.com\/wp-content\/uploads\/2023\/03\/5011428000249Maldon-musta-terapipra-veski-50g-copy.jpg","datePublished":"2020-03-10T18:24:07+00:00","dateModified":"2025-11-04T13:29:57+00:00","breadcrumb":{"@id":"https:\/\/bbqentertainment.com\/toode\/maldon-pipraveski\/#breadcrumb"},"inLanguage":"en-US","potentialAction":[{"@type":"ReadAction","target":["https:\/\/bbqentertainment.com\/toode\/maldon-pipraveski\/"]}]},{"@type":"ImageObject","inLanguage":"en-US","@id":"https:\/\/bbqentertainment.com\/toode\/maldon-pipraveski\/#primaryimage","url":"https:\/\/bbqentertainment.com\/wp-content\/uploads\/2023\/03\/5011428000249Maldon-musta-terapipra-veski-50g-copy.jpg","contentUrl":"https:\/\/bbqentertainment.com\/wp-content\/uploads\/2023\/03\/5011428000249Maldon-musta-terapipra-veski-50g-copy.jpg","width":1200,"height":1200},{"@type":"BreadcrumbList","@id":"https:\/\/bbqentertainment.com\/toode\/maldon-pipraveski\/#breadcrumb","itemListElement":[{"@type":"ListItem","position":1,"name":"AVALEHT","item":"https:\/\/bbqentertainment.com\/en\/"},{"@type":"ListItem","position":2,"name":"Tooted","item":"https:\/\/bbqentertainment.com\/tooted\/"},{"@type":"ListItem","position":3,"name":"Maitseandjad","item":"https:\/\/bbqentertainment.com\/en\/tootekategooria\/maitseandjad\/"},{"@type":"ListItem","position":4,"name":"Maldon helvessool","item":"https:\/\/bbqentertainment.com\/tootekategooria\/maitseandjad\/maldon-helvessool\/"},{"@type":"ListItem","position":5,"name":"Maldon musta terapipra veski 50g"}]},{"@type":"WebSite","@id":"https:\/\/bbqentertainment.com\/#website","url":"https:\/\/bbqentertainment.com\/","name":"BBQ Entertainment","description":"BBQ is a great lifestyle, not just fun!","publisher":{"@id":"https:\/\/bbqentertainment.com\/#organization"},"potentialAction":[{"@type":"SearchAction","target":{"@type":"EntryPoint","urlTemplate":"https:\/\/bbqentertainment.com\/?s={search_term_string}"},"query-input":{"@type":"PropertyValueSpecification","valueRequired":true,"valueName":"search_term_string"}}],"inLanguage":"en-US"},{"@type":"Organization","@id":"https:\/\/bbqentertainment.com\/#organization","name":"BBQ Entertainment O\u00dc","url":"https:\/\/bbqentertainment.com\/","logo":{"@type":"ImageObject","inLanguage":"en-US","@id":"https:\/\/bbqentertainment.com\/#\/schema\/logo\/image\/","url":"https:\/\/bbqentertainment.com\/wp-content\/uploads\/2020\/04\/BBQ-Entertainment-N-Catering-Enn-Tobreluts-Logo.png","contentUrl":"https:\/\/bbqentertainment.com\/wp-content\/uploads\/2020\/04\/BBQ-Entertainment-N-Catering-Enn-Tobreluts-Logo.png","width":628,"height":266,"caption":"BBQ Entertainment O\u00dc"},"image":{"@id":"https:\/\/bbqentertainment.com\/#\/schema\/logo\/image\/"},"sameAs":["https:\/\/www.facebook.com\/BBQ-Entertainment-N-Catering-2437913376443540","https:\/\/www.instagram.com\/bbqentertainmentncatering\/","https:\/\/www.youtube.com\/channel\/UCmpuANQVhLy2Md8nrenp2jA"]}]}},"_links":{"self":[{"href":"https:\/\/bbqentertainment.com\/en\/wp-json\/wp\/v2\/product\/884","targetHints":{"allow":["GET"]}}],"collection":[{"href":"https:\/\/bbqentertainment.com\/en\/wp-json\/wp\/v2\/product"}],"about":[{"href":"https:\/\/bbqentertainment.com\/en\/wp-json\/wp\/v2\/types\/product"}],"wp:featuredmedia":[{"embeddable":true,"href":"https:\/\/bbqentertainment.com\/en\/wp-json\/wp\/v2\/media\/241348"}],"wp:attachment":[{"href":"https:\/\/bbqentertainment.com\/en\/wp-json\/wp\/v2\/media?parent=884"}],"wp:term":[{"taxonomy":"product_brand","embeddable":true,"href":"https:\/\/bbqentertainment.com\/en\/wp-json\/wp\/v2\/product_brand?post=884"},{"taxonomy":"product_cat","embeddable":true,"href":"https:\/\/bbqentertainment.com\/en\/wp-json\/wp\/v2\/product_cat?post=884"},{"taxonomy":"product_tag","embeddable":true,"href":"https:\/\/bbqentertainment.com\/en\/wp-json\/wp\/v2\/product_tag?post=884"}],"curies":[{"name":"wp","href":"https:\/\/api.w.org\/{rel}","templated":true}]}}