{"id":885,"date":"2020-03-10T20:25:14","date_gmt":"2020-03-10T18:25:14","guid":{"rendered":"https:\/\/bbqentertainment.com\/?post_type=product&#038;p=885"},"modified":"2025-11-04T15:29:57","modified_gmt":"2025-11-04T13:29:57","slug":"maldon-soolaveski","status":"publish","type":"product","link":"https:\/\/bbqentertainment.com\/en\/toode\/maldon-soolaveski\/","title":{"rendered":"Maldon t\u00e4iuslikult purustatud meresoola veski 55g"},"content":{"rendered":"<p><strong>BBQ Entertainment O\u00dc on MALDON SALT COMPANY ametlik eksklusiivne maaletooja Eestis!<\/strong><\/p>\n<p>Alates 1882-st aastast on Osborne perefirma Maldon Salt Company Limited tootnud maailmas enim hinnatud looduslikke meresoolahelbeid. Maldon soolad on saadaval sisuliselt \u00fcle maailma ja see on kvaliteedi absoluutne tipptase!<\/p>\n<ul>\n<li>Maldon sobib liha, kala, mereandide, juurviljade, kastmete, suppide ja marinaadide maitsestamiseks.<\/li>\n<li>Maldoni meresool vabastab oma soolasuse kergelt magusa n\u00fcansiga ja lisavad toidule veel \u00fche kihi m\u00f5nusat tekstuuri ja suussulavat kr\u00f5mpsust.<\/li>\n<li>Maldoni pehme kr\u00f5mpsuv meresool on v\u00e4rske intensiivsusega ja puhta maitsega, mis sisaldab looduslike mineraalide t\u00e4iuslikku tasakaalu, et t\u00e4iustada igat rooga!<\/li>\n<\/ul>\n<p>Maldoni soolade kasutamine on ka Eestis muutunud j\u00e4rjest populaarsemaks.<\/p>\n","protected":false},"excerpt":{"rendered":"<h3><strong>Maldon t\u00e4iuslikult purustatud meresoola veski 55g<\/strong><\/h3>\n<ul>\n<li>Maailma parim ainulaadne kvaliteet!<\/li>\n<li>Toodetud Inglismaal (alates aastast 1882)<\/li>\n<li>V\u00e4ga mugavalt kasutatav k\u00e4ep\u00e4rane soolaveski<\/li>\n<li>Soolas on t\u00e4iuslik mineraalide tasakaal ja see on naturaalne, ilma lisaaineteta<\/li>\n<li>Maldon Salt Company on kuningliku perekonna ametlik meresoola hankija alates 2012. aastast!<\/li>\n<\/ul>\n","protected":false},"featured_media":241350,"template":"","meta":{"inline_featured_image":false},"product_brand":[],"product_cat":[28,31],"product_tag":[],"class_list":{"0":"post-885","1":"product","2":"type-product","3":"status-publish","4":"has-post-thumbnail","6":"product_cat-maitseandjad","7":"product_cat-maldon-helvessool","9":"first","10":"instock","11":"taxable","12":"shipping-taxable","13":"purchasable","14":"product-type-simple"},"yoast_head":"<!-- This site is optimized with the Yoast SEO plugin v27.4 - https:\/\/yoast.com\/product\/yoast-seo-wordpress\/ -->\n<title>Maldon t\u00e4iuslikult purustatud meresoola veski 55g - BBQ Entertainment<\/title>\n<meta name=\"robots\" content=\"index, follow, max-snippet:-1, max-image-preview:large, max-video-preview:-1\" \/>\n<link rel=\"canonical\" href=\"https:\/\/bbqentertainment.com\/toode\/maldon-soolaveski\/\" \/>\n<meta property=\"og:locale\" content=\"en_US\" \/>\n<meta property=\"og:type\" content=\"article\" \/>\n<meta property=\"og:title\" content=\"Maldon t\u00e4iuslikult purustatud meresoola veski 55g - BBQ Entertainment\" \/>\n<meta property=\"og:description\" content=\"Maldon t\u00e4iuslikult purustatud meresoola veski 55g   Maailma parim ainulaadne kvaliteet!  Toodetud Inglismaal (alates aastast 1882)  V\u00e4ga mugavalt kasutatav k\u00e4ep\u00e4rane soolaveski  Soolas on t\u00e4iuslik mineraalide tasakaal ja see on naturaalne, ilma lisaaineteta  Maldon Salt Company on kuningliku perekonna ametlik meresoola hankija alates 2012. aastast!\" \/>\n<meta property=\"og:url\" content=\"https:\/\/bbqentertainment.com\/toode\/maldon-soolaveski\/\" \/>\n<meta property=\"og:site_name\" content=\"BBQ Entertainment\" \/>\n<meta property=\"article:publisher\" content=\"https:\/\/www.facebook.com\/BBQ-Entertainment-N-Catering-2437913376443540\" \/>\n<meta property=\"article:modified_time\" content=\"2025-11-04T13:29:57+00:00\" \/>\n<meta property=\"og:image\" content=\"https:\/\/bbqentertainment.com\/wp-content\/uploads\/2023\/03\/5011428000232Maldon-taiuslikult-purustatud-meresoola-veski-55g-copy.jpg\" \/>\n\t<meta property=\"og:image:width\" content=\"1200\" \/>\n\t<meta property=\"og:image:height\" content=\"1200\" \/>\n\t<meta property=\"og:image:type\" content=\"image\/jpeg\" \/>\n<meta name=\"twitter:card\" content=\"summary_large_image\" \/>\n<meta name=\"twitter:label1\" content=\"Est. reading time\" \/>\n\t<meta name=\"twitter:data1\" content=\"1 minute\" \/>\n<script type=\"application\/ld+json\" class=\"yoast-schema-graph\">{\"@context\":\"https:\\\/\\\/schema.org\",\"@graph\":[{\"@type\":[\"WebPage\",\"ItemPage\"],\"@id\":\"https:\\\/\\\/bbqentertainment.com\\\/toode\\\/maldon-soolaveski\\\/\",\"url\":\"https:\\\/\\\/bbqentertainment.com\\\/toode\\\/maldon-soolaveski\\\/\",\"name\":\"Maldon t\u00e4iuslikult purustatud meresoola veski 55g - BBQ Entertainment\",\"isPartOf\":{\"@id\":\"https:\\\/\\\/bbqentertainment.com\\\/#website\"},\"primaryImageOfPage\":{\"@id\":\"https:\\\/\\\/bbqentertainment.com\\\/toode\\\/maldon-soolaveski\\\/#primaryimage\"},\"image\":{\"@id\":\"https:\\\/\\\/bbqentertainment.com\\\/toode\\\/maldon-soolaveski\\\/#primaryimage\"},\"thumbnailUrl\":\"https:\\\/\\\/bbqentertainment.com\\\/wp-content\\\/uploads\\\/2023\\\/03\\\/5011428000232Maldon-taiuslikult-purustatud-meresoola-veski-55g-copy.jpg\",\"datePublished\":\"2020-03-10T18:25:14+00:00\",\"dateModified\":\"2025-11-04T13:29:57+00:00\",\"breadcrumb\":{\"@id\":\"https:\\\/\\\/bbqentertainment.com\\\/toode\\\/maldon-soolaveski\\\/#breadcrumb\"},\"inLanguage\":\"en-US\",\"potentialAction\":[{\"@type\":\"ReadAction\",\"target\":[\"https:\\\/\\\/bbqentertainment.com\\\/toode\\\/maldon-soolaveski\\\/\"]}]},{\"@type\":\"ImageObject\",\"inLanguage\":\"en-US\",\"@id\":\"https:\\\/\\\/bbqentertainment.com\\\/toode\\\/maldon-soolaveski\\\/#primaryimage\",\"url\":\"https:\\\/\\\/bbqentertainment.com\\\/wp-content\\\/uploads\\\/2023\\\/03\\\/5011428000232Maldon-taiuslikult-purustatud-meresoola-veski-55g-copy.jpg\",\"contentUrl\":\"https:\\\/\\\/bbqentertainment.com\\\/wp-content\\\/uploads\\\/2023\\\/03\\\/5011428000232Maldon-taiuslikult-purustatud-meresoola-veski-55g-copy.jpg\",\"width\":1200,\"height\":1200},{\"@type\":\"BreadcrumbList\",\"@id\":\"https:\\\/\\\/bbqentertainment.com\\\/toode\\\/maldon-soolaveski\\\/#breadcrumb\",\"itemListElement\":[{\"@type\":\"ListItem\",\"position\":1,\"name\":\"AVALEHT\",\"item\":\"https:\\\/\\\/bbqentertainment.com\\\/en\\\/\"},{\"@type\":\"ListItem\",\"position\":2,\"name\":\"Tooted\",\"item\":\"https:\\\/\\\/bbqentertainment.com\\\/tooted\\\/\"},{\"@type\":\"ListItem\",\"position\":3,\"name\":\"Maitseandjad\",\"item\":\"https:\\\/\\\/bbqentertainment.com\\\/en\\\/tootekategooria\\\/maitseandjad\\\/\"},{\"@type\":\"ListItem\",\"position\":4,\"name\":\"Maldon helvessool\",\"item\":\"https:\\\/\\\/bbqentertainment.com\\\/tootekategooria\\\/maitseandjad\\\/maldon-helvessool\\\/\"},{\"@type\":\"ListItem\",\"position\":5,\"name\":\"Maldon t\u00e4iuslikult purustatud meresoola veski 55g\"}]},{\"@type\":\"WebSite\",\"@id\":\"https:\\\/\\\/bbqentertainment.com\\\/#website\",\"url\":\"https:\\\/\\\/bbqentertainment.com\\\/\",\"name\":\"BBQ Entertainment\",\"description\":\"BBQ is a great lifestyle, not just fun!\",\"publisher\":{\"@id\":\"https:\\\/\\\/bbqentertainment.com\\\/#organization\"},\"potentialAction\":[{\"@type\":\"SearchAction\",\"target\":{\"@type\":\"EntryPoint\",\"urlTemplate\":\"https:\\\/\\\/bbqentertainment.com\\\/?s={search_term_string}\"},\"query-input\":{\"@type\":\"PropertyValueSpecification\",\"valueRequired\":true,\"valueName\":\"search_term_string\"}}],\"inLanguage\":\"en-US\"},{\"@type\":\"Organization\",\"@id\":\"https:\\\/\\\/bbqentertainment.com\\\/#organization\",\"name\":\"BBQ Entertainment O\u00dc\",\"url\":\"https:\\\/\\\/bbqentertainment.com\\\/\",\"logo\":{\"@type\":\"ImageObject\",\"inLanguage\":\"en-US\",\"@id\":\"https:\\\/\\\/bbqentertainment.com\\\/#\\\/schema\\\/logo\\\/image\\\/\",\"url\":\"https:\\\/\\\/bbqentertainment.com\\\/wp-content\\\/uploads\\\/2020\\\/04\\\/BBQ-Entertainment-N-Catering-Enn-Tobreluts-Logo.png\",\"contentUrl\":\"https:\\\/\\\/bbqentertainment.com\\\/wp-content\\\/uploads\\\/2020\\\/04\\\/BBQ-Entertainment-N-Catering-Enn-Tobreluts-Logo.png\",\"width\":628,\"height\":266,\"caption\":\"BBQ Entertainment O\u00dc\"},\"image\":{\"@id\":\"https:\\\/\\\/bbqentertainment.com\\\/#\\\/schema\\\/logo\\\/image\\\/\"},\"sameAs\":[\"https:\\\/\\\/www.facebook.com\\\/BBQ-Entertainment-N-Catering-2437913376443540\",\"https:\\\/\\\/www.instagram.com\\\/bbqentertainmentncatering\\\/\",\"https:\\\/\\\/www.youtube.com\\\/channel\\\/UCmpuANQVhLy2Md8nrenp2jA\"]}]}<\/script>\n<!-- \/ Yoast SEO plugin. -->","yoast_head_json":{"title":"Maldon t\u00e4iuslikult purustatud meresoola veski 55g - BBQ Entertainment","robots":{"index":"index","follow":"follow","max-snippet":"max-snippet:-1","max-image-preview":"max-image-preview:large","max-video-preview":"max-video-preview:-1"},"canonical":"https:\/\/bbqentertainment.com\/toode\/maldon-soolaveski\/","og_locale":"en_US","og_type":"article","og_title":"Maldon t\u00e4iuslikult purustatud meresoola veski 55g - BBQ Entertainment","og_description":"Maldon t\u00e4iuslikult purustatud meresoola veski 55g   Maailma parim ainulaadne kvaliteet!  Toodetud Inglismaal (alates aastast 1882)  V\u00e4ga mugavalt kasutatav k\u00e4ep\u00e4rane soolaveski  Soolas on t\u00e4iuslik mineraalide tasakaal ja see on naturaalne, ilma lisaaineteta  Maldon Salt Company on kuningliku perekonna ametlik meresoola hankija alates 2012. aastast!","og_url":"https:\/\/bbqentertainment.com\/toode\/maldon-soolaveski\/","og_site_name":"BBQ Entertainment","article_publisher":"https:\/\/www.facebook.com\/BBQ-Entertainment-N-Catering-2437913376443540","article_modified_time":"2025-11-04T13:29:57+00:00","og_image":[{"width":1200,"height":1200,"url":"https:\/\/bbqentertainment.com\/wp-content\/uploads\/2023\/03\/5011428000232Maldon-taiuslikult-purustatud-meresoola-veski-55g-copy.jpg","type":"image\/jpeg"}],"twitter_card":"summary_large_image","twitter_misc":{"Est. reading time":"1 minute"},"schema":{"@context":"https:\/\/schema.org","@graph":[{"@type":["WebPage","ItemPage"],"@id":"https:\/\/bbqentertainment.com\/toode\/maldon-soolaveski\/","url":"https:\/\/bbqentertainment.com\/toode\/maldon-soolaveski\/","name":"Maldon t\u00e4iuslikult purustatud meresoola veski 55g - BBQ Entertainment","isPartOf":{"@id":"https:\/\/bbqentertainment.com\/#website"},"primaryImageOfPage":{"@id":"https:\/\/bbqentertainment.com\/toode\/maldon-soolaveski\/#primaryimage"},"image":{"@id":"https:\/\/bbqentertainment.com\/toode\/maldon-soolaveski\/#primaryimage"},"thumbnailUrl":"https:\/\/bbqentertainment.com\/wp-content\/uploads\/2023\/03\/5011428000232Maldon-taiuslikult-purustatud-meresoola-veski-55g-copy.jpg","datePublished":"2020-03-10T18:25:14+00:00","dateModified":"2025-11-04T13:29:57+00:00","breadcrumb":{"@id":"https:\/\/bbqentertainment.com\/toode\/maldon-soolaveski\/#breadcrumb"},"inLanguage":"en-US","potentialAction":[{"@type":"ReadAction","target":["https:\/\/bbqentertainment.com\/toode\/maldon-soolaveski\/"]}]},{"@type":"ImageObject","inLanguage":"en-US","@id":"https:\/\/bbqentertainment.com\/toode\/maldon-soolaveski\/#primaryimage","url":"https:\/\/bbqentertainment.com\/wp-content\/uploads\/2023\/03\/5011428000232Maldon-taiuslikult-purustatud-meresoola-veski-55g-copy.jpg","contentUrl":"https:\/\/bbqentertainment.com\/wp-content\/uploads\/2023\/03\/5011428000232Maldon-taiuslikult-purustatud-meresoola-veski-55g-copy.jpg","width":1200,"height":1200},{"@type":"BreadcrumbList","@id":"https:\/\/bbqentertainment.com\/toode\/maldon-soolaveski\/#breadcrumb","itemListElement":[{"@type":"ListItem","position":1,"name":"AVALEHT","item":"https:\/\/bbqentertainment.com\/en\/"},{"@type":"ListItem","position":2,"name":"Tooted","item":"https:\/\/bbqentertainment.com\/tooted\/"},{"@type":"ListItem","position":3,"name":"Maitseandjad","item":"https:\/\/bbqentertainment.com\/en\/tootekategooria\/maitseandjad\/"},{"@type":"ListItem","position":4,"name":"Maldon helvessool","item":"https:\/\/bbqentertainment.com\/tootekategooria\/maitseandjad\/maldon-helvessool\/"},{"@type":"ListItem","position":5,"name":"Maldon t\u00e4iuslikult purustatud meresoola veski 55g"}]},{"@type":"WebSite","@id":"https:\/\/bbqentertainment.com\/#website","url":"https:\/\/bbqentertainment.com\/","name":"BBQ Entertainment","description":"BBQ is a great lifestyle, not just fun!","publisher":{"@id":"https:\/\/bbqentertainment.com\/#organization"},"potentialAction":[{"@type":"SearchAction","target":{"@type":"EntryPoint","urlTemplate":"https:\/\/bbqentertainment.com\/?s={search_term_string}"},"query-input":{"@type":"PropertyValueSpecification","valueRequired":true,"valueName":"search_term_string"}}],"inLanguage":"en-US"},{"@type":"Organization","@id":"https:\/\/bbqentertainment.com\/#organization","name":"BBQ Entertainment O\u00dc","url":"https:\/\/bbqentertainment.com\/","logo":{"@type":"ImageObject","inLanguage":"en-US","@id":"https:\/\/bbqentertainment.com\/#\/schema\/logo\/image\/","url":"https:\/\/bbqentertainment.com\/wp-content\/uploads\/2020\/04\/BBQ-Entertainment-N-Catering-Enn-Tobreluts-Logo.png","contentUrl":"https:\/\/bbqentertainment.com\/wp-content\/uploads\/2020\/04\/BBQ-Entertainment-N-Catering-Enn-Tobreluts-Logo.png","width":628,"height":266,"caption":"BBQ Entertainment O\u00dc"},"image":{"@id":"https:\/\/bbqentertainment.com\/#\/schema\/logo\/image\/"},"sameAs":["https:\/\/www.facebook.com\/BBQ-Entertainment-N-Catering-2437913376443540","https:\/\/www.instagram.com\/bbqentertainmentncatering\/","https:\/\/www.youtube.com\/channel\/UCmpuANQVhLy2Md8nrenp2jA"]}]}},"_links":{"self":[{"href":"https:\/\/bbqentertainment.com\/en\/wp-json\/wp\/v2\/product\/885","targetHints":{"allow":["GET"]}}],"collection":[{"href":"https:\/\/bbqentertainment.com\/en\/wp-json\/wp\/v2\/product"}],"about":[{"href":"https:\/\/bbqentertainment.com\/en\/wp-json\/wp\/v2\/types\/product"}],"wp:featuredmedia":[{"embeddable":true,"href":"https:\/\/bbqentertainment.com\/en\/wp-json\/wp\/v2\/media\/241350"}],"wp:attachment":[{"href":"https:\/\/bbqentertainment.com\/en\/wp-json\/wp\/v2\/media?parent=885"}],"wp:term":[{"taxonomy":"product_brand","embeddable":true,"href":"https:\/\/bbqentertainment.com\/en\/wp-json\/wp\/v2\/product_brand?post=885"},{"taxonomy":"product_cat","embeddable":true,"href":"https:\/\/bbqentertainment.com\/en\/wp-json\/wp\/v2\/product_cat?post=885"},{"taxonomy":"product_tag","embeddable":true,"href":"https:\/\/bbqentertainment.com\/en\/wp-json\/wp\/v2\/product_tag?post=885"}],"curies":[{"name":"wp","href":"https:\/\/api.w.org\/{rel}","templated":true}]}}