{"id":891,"date":"2020-03-10T20:44:16","date_gmt":"2020-03-10T18:44:16","guid":{"rendered":"https:\/\/bbqentertainment.com\/?post_type=product&#038;p=891"},"modified":"2025-12-03T21:29:44","modified_gmt":"2025-12-03T19:29:44","slug":"bbq-ylipaks-foolium","status":"publish","type":"product","link":"https:\/\/bbqentertainment.com\/en\/toode\/bbq-ylipaks-foolium\/","title":{"rendered":"BBQ &amp; GRILL \u00fclipaks FOOLIUM 30m (laius 44 cm, 21 mikronit)"},"content":{"rendered":"","protected":false},"excerpt":{"rendered":"<h3><strong>BBQ &amp; GRILL \u00fclipaks FOOLIUM 30 m (laius 44 cm, 21 mikronit)<\/strong><\/h3>\n<ul>\n<li>30 meetrit rullis, l\u00f5ikuriga dispenserkarbis<\/li>\n<li>Fooliumi laius on 44 cm, paksus on 21 mikronit (st eriti lai, paks ja tugev)<\/li>\n<li>See on omal alal parim foolium, mis on parim nii grillimisel kui ka igap\u00e4evaseks kasutamiseks k\u00f6\u00f6gis<\/li>\n<li>Kvaliteetne, vastupidav ja kuumakindel.<\/li>\n<\/ul>\n","protected":false},"featured_media":790,"template":"","meta":{"inline_featured_image":false},"product_brand":[],"product_cat":[479,25],"product_tag":[],"class_list":{"0":"post-891","1":"product","2":"type-product","3":"status-publish","4":"has-post-thumbnail","6":"product_cat-grillitarvikud","7":"product_cat-foolium-ja-toidukile","9":"first","10":"instock","11":"taxable","12":"shipping-taxable","13":"purchasable","14":"product-type-simple"},"yoast_head":"<!-- This site is optimized with the Yoast SEO plugin v27.4 - https:\/\/yoast.com\/product\/yoast-seo-wordpress\/ -->\n<title>BBQ &amp; GRILL \u00fclipaks FOOLIUM 30m (laius 44 cm, 21 mikronit) - BBQ Entertainment<\/title>\n<meta name=\"robots\" content=\"index, follow, max-snippet:-1, max-image-preview:large, max-video-preview:-1\" \/>\n<link rel=\"canonical\" href=\"https:\/\/bbqentertainment.com\/toode\/bbq-ylipaks-foolium\/\" \/>\n<meta property=\"og:locale\" content=\"en_US\" \/>\n<meta property=\"og:type\" content=\"article\" \/>\n<meta property=\"og:title\" content=\"BBQ &amp; GRILL \u00fclipaks FOOLIUM 30m (laius 44 cm, 21 mikronit) - BBQ Entertainment\" \/>\n<meta property=\"og:description\" content=\"BBQ &amp; GRILL \u00fclipaks FOOLIUM 30 m (laius 44 cm, 21 mikronit)   30 meetrit rullis, l\u00f5ikuriga dispenserkarbis  Fooliumi laius on 44 cm, paksus on 21 mikronit (st eriti lai, paks ja tugev)  See on omal alal parim foolium, mis on parim nii grillimisel kui ka igap\u00e4evaseks kasutamiseks k\u00f6\u00f6gis  Kvaliteetne, vastupidav ja kuumakindel.\" \/>\n<meta property=\"og:url\" content=\"https:\/\/bbqentertainment.com\/toode\/bbq-ylipaks-foolium\/\" \/>\n<meta property=\"og:site_name\" content=\"BBQ Entertainment\" \/>\n<meta property=\"article:publisher\" content=\"https:\/\/www.facebook.com\/BBQ-Entertainment-N-Catering-2437913376443540\" \/>\n<meta property=\"article:modified_time\" content=\"2025-12-03T19:29:44+00:00\" \/>\n<meta property=\"og:image\" content=\"https:\/\/bbqentertainment.com\/wp-content\/uploads\/2020\/03\/BBQ-Entertainment-Enn-Tobreluts-grill-28BBQ-Foil.jpg\" \/>\n\t<meta property=\"og:image:width\" content=\"1200\" \/>\n\t<meta property=\"og:image:height\" content=\"1200\" \/>\n\t<meta property=\"og:image:type\" content=\"image\/jpeg\" \/>\n<meta name=\"twitter:card\" content=\"summary_large_image\" \/>\n<meta name=\"twitter:label1\" content=\"Est. reading time\" \/>\n\t<meta name=\"twitter:data1\" content=\"1 minute\" \/>\n<script type=\"application\/ld+json\" class=\"yoast-schema-graph\">{\"@context\":\"https:\\\/\\\/schema.org\",\"@graph\":[{\"@type\":[\"WebPage\",\"ItemPage\"],\"@id\":\"https:\\\/\\\/bbqentertainment.com\\\/toode\\\/bbq-ylipaks-foolium\\\/\",\"url\":\"https:\\\/\\\/bbqentertainment.com\\\/toode\\\/bbq-ylipaks-foolium\\\/\",\"name\":\"BBQ &amp; GRILL \u00fclipaks FOOLIUM 30m (laius 44 cm, 21 mikronit) - BBQ Entertainment\",\"isPartOf\":{\"@id\":\"https:\\\/\\\/bbqentertainment.com\\\/#website\"},\"primaryImageOfPage\":{\"@id\":\"https:\\\/\\\/bbqentertainment.com\\\/toode\\\/bbq-ylipaks-foolium\\\/#primaryimage\"},\"image\":{\"@id\":\"https:\\\/\\\/bbqentertainment.com\\\/toode\\\/bbq-ylipaks-foolium\\\/#primaryimage\"},\"thumbnailUrl\":\"https:\\\/\\\/bbqentertainment.com\\\/wp-content\\\/uploads\\\/2020\\\/03\\\/BBQ-Entertainment-Enn-Tobreluts-grill-28BBQ-Foil.jpg\",\"datePublished\":\"2020-03-10T18:44:16+00:00\",\"dateModified\":\"2025-12-03T19:29:44+00:00\",\"breadcrumb\":{\"@id\":\"https:\\\/\\\/bbqentertainment.com\\\/toode\\\/bbq-ylipaks-foolium\\\/#breadcrumb\"},\"inLanguage\":\"en-US\",\"potentialAction\":[{\"@type\":\"ReadAction\",\"target\":[\"https:\\\/\\\/bbqentertainment.com\\\/toode\\\/bbq-ylipaks-foolium\\\/\"]}]},{\"@type\":\"ImageObject\",\"inLanguage\":\"en-US\",\"@id\":\"https:\\\/\\\/bbqentertainment.com\\\/toode\\\/bbq-ylipaks-foolium\\\/#primaryimage\",\"url\":\"https:\\\/\\\/bbqentertainment.com\\\/wp-content\\\/uploads\\\/2020\\\/03\\\/BBQ-Entertainment-Enn-Tobreluts-grill-28BBQ-Foil.jpg\",\"contentUrl\":\"https:\\\/\\\/bbqentertainment.com\\\/wp-content\\\/uploads\\\/2020\\\/03\\\/BBQ-Entertainment-Enn-Tobreluts-grill-28BBQ-Foil.jpg\",\"width\":1200,\"height\":1200},{\"@type\":\"BreadcrumbList\",\"@id\":\"https:\\\/\\\/bbqentertainment.com\\\/toode\\\/bbq-ylipaks-foolium\\\/#breadcrumb\",\"itemListElement\":[{\"@type\":\"ListItem\",\"position\":1,\"name\":\"AVALEHT\",\"item\":\"https:\\\/\\\/bbqentertainment.com\\\/en\\\/\"},{\"@type\":\"ListItem\",\"position\":2,\"name\":\"Tooted\",\"item\":\"https:\\\/\\\/bbqentertainment.com\\\/tooted\\\/\"},{\"@type\":\"ListItem\",\"position\":3,\"name\":\"Lisatarvikud\",\"item\":\"https:\\\/\\\/bbqentertainment.com\\\/tootekategooria\\\/lisatarvikud\\\/\"},{\"@type\":\"ListItem\",\"position\":4,\"name\":\"GRILLITARVIKUD\",\"item\":\"https:\\\/\\\/bbqentertainment.com\\\/tootekategooria\\\/lisatarvikud\\\/grillitarvikud\\\/\"},{\"@type\":\"ListItem\",\"position\":5,\"name\":\"BBQ &amp; GRILL \u00fclipaks FOOLIUM 30m (laius 44 cm, 21 mikronit)\"}]},{\"@type\":\"WebSite\",\"@id\":\"https:\\\/\\\/bbqentertainment.com\\\/#website\",\"url\":\"https:\\\/\\\/bbqentertainment.com\\\/\",\"name\":\"BBQ Entertainment\",\"description\":\"BBQ is a great lifestyle, not just fun!\",\"publisher\":{\"@id\":\"https:\\\/\\\/bbqentertainment.com\\\/#organization\"},\"potentialAction\":[{\"@type\":\"SearchAction\",\"target\":{\"@type\":\"EntryPoint\",\"urlTemplate\":\"https:\\\/\\\/bbqentertainment.com\\\/?s={search_term_string}\"},\"query-input\":{\"@type\":\"PropertyValueSpecification\",\"valueRequired\":true,\"valueName\":\"search_term_string\"}}],\"inLanguage\":\"en-US\"},{\"@type\":\"Organization\",\"@id\":\"https:\\\/\\\/bbqentertainment.com\\\/#organization\",\"name\":\"BBQ Entertainment O\u00dc\",\"url\":\"https:\\\/\\\/bbqentertainment.com\\\/\",\"logo\":{\"@type\":\"ImageObject\",\"inLanguage\":\"en-US\",\"@id\":\"https:\\\/\\\/bbqentertainment.com\\\/#\\\/schema\\\/logo\\\/image\\\/\",\"url\":\"https:\\\/\\\/bbqentertainment.com\\\/wp-content\\\/uploads\\\/2020\\\/04\\\/BBQ-Entertainment-N-Catering-Enn-Tobreluts-Logo.png\",\"contentUrl\":\"https:\\\/\\\/bbqentertainment.com\\\/wp-content\\\/uploads\\\/2020\\\/04\\\/BBQ-Entertainment-N-Catering-Enn-Tobreluts-Logo.png\",\"width\":628,\"height\":266,\"caption\":\"BBQ Entertainment O\u00dc\"},\"image\":{\"@id\":\"https:\\\/\\\/bbqentertainment.com\\\/#\\\/schema\\\/logo\\\/image\\\/\"},\"sameAs\":[\"https:\\\/\\\/www.facebook.com\\\/BBQ-Entertainment-N-Catering-2437913376443540\",\"https:\\\/\\\/www.instagram.com\\\/bbqentertainmentncatering\\\/\",\"https:\\\/\\\/www.youtube.com\\\/channel\\\/UCmpuANQVhLy2Md8nrenp2jA\"]}]}<\/script>\n<!-- \/ Yoast SEO plugin. -->","yoast_head_json":{"title":"BBQ &amp; GRILL \u00fclipaks FOOLIUM 30m (laius 44 cm, 21 mikronit) - BBQ Entertainment","robots":{"index":"index","follow":"follow","max-snippet":"max-snippet:-1","max-image-preview":"max-image-preview:large","max-video-preview":"max-video-preview:-1"},"canonical":"https:\/\/bbqentertainment.com\/toode\/bbq-ylipaks-foolium\/","og_locale":"en_US","og_type":"article","og_title":"BBQ &amp; GRILL \u00fclipaks FOOLIUM 30m (laius 44 cm, 21 mikronit) - BBQ Entertainment","og_description":"BBQ &amp; GRILL \u00fclipaks FOOLIUM 30 m (laius 44 cm, 21 mikronit)   30 meetrit rullis, l\u00f5ikuriga dispenserkarbis  Fooliumi laius on 44 cm, paksus on 21 mikronit (st eriti lai, paks ja tugev)  See on omal alal parim foolium, mis on parim nii grillimisel kui ka igap\u00e4evaseks kasutamiseks k\u00f6\u00f6gis  Kvaliteetne, vastupidav ja kuumakindel.","og_url":"https:\/\/bbqentertainment.com\/toode\/bbq-ylipaks-foolium\/","og_site_name":"BBQ Entertainment","article_publisher":"https:\/\/www.facebook.com\/BBQ-Entertainment-N-Catering-2437913376443540","article_modified_time":"2025-12-03T19:29:44+00:00","og_image":[{"width":1200,"height":1200,"url":"https:\/\/bbqentertainment.com\/wp-content\/uploads\/2020\/03\/BBQ-Entertainment-Enn-Tobreluts-grill-28BBQ-Foil.jpg","type":"image\/jpeg"}],"twitter_card":"summary_large_image","twitter_misc":{"Est. reading time":"1 minute"},"schema":{"@context":"https:\/\/schema.org","@graph":[{"@type":["WebPage","ItemPage"],"@id":"https:\/\/bbqentertainment.com\/toode\/bbq-ylipaks-foolium\/","url":"https:\/\/bbqentertainment.com\/toode\/bbq-ylipaks-foolium\/","name":"BBQ &amp; GRILL \u00fclipaks FOOLIUM 30m (laius 44 cm, 21 mikronit) - BBQ Entertainment","isPartOf":{"@id":"https:\/\/bbqentertainment.com\/#website"},"primaryImageOfPage":{"@id":"https:\/\/bbqentertainment.com\/toode\/bbq-ylipaks-foolium\/#primaryimage"},"image":{"@id":"https:\/\/bbqentertainment.com\/toode\/bbq-ylipaks-foolium\/#primaryimage"},"thumbnailUrl":"https:\/\/bbqentertainment.com\/wp-content\/uploads\/2020\/03\/BBQ-Entertainment-Enn-Tobreluts-grill-28BBQ-Foil.jpg","datePublished":"2020-03-10T18:44:16+00:00","dateModified":"2025-12-03T19:29:44+00:00","breadcrumb":{"@id":"https:\/\/bbqentertainment.com\/toode\/bbq-ylipaks-foolium\/#breadcrumb"},"inLanguage":"en-US","potentialAction":[{"@type":"ReadAction","target":["https:\/\/bbqentertainment.com\/toode\/bbq-ylipaks-foolium\/"]}]},{"@type":"ImageObject","inLanguage":"en-US","@id":"https:\/\/bbqentertainment.com\/toode\/bbq-ylipaks-foolium\/#primaryimage","url":"https:\/\/bbqentertainment.com\/wp-content\/uploads\/2020\/03\/BBQ-Entertainment-Enn-Tobreluts-grill-28BBQ-Foil.jpg","contentUrl":"https:\/\/bbqentertainment.com\/wp-content\/uploads\/2020\/03\/BBQ-Entertainment-Enn-Tobreluts-grill-28BBQ-Foil.jpg","width":1200,"height":1200},{"@type":"BreadcrumbList","@id":"https:\/\/bbqentertainment.com\/toode\/bbq-ylipaks-foolium\/#breadcrumb","itemListElement":[{"@type":"ListItem","position":1,"name":"AVALEHT","item":"https:\/\/bbqentertainment.com\/en\/"},{"@type":"ListItem","position":2,"name":"Tooted","item":"https:\/\/bbqentertainment.com\/tooted\/"},{"@type":"ListItem","position":3,"name":"Lisatarvikud","item":"https:\/\/bbqentertainment.com\/tootekategooria\/lisatarvikud\/"},{"@type":"ListItem","position":4,"name":"GRILLITARVIKUD","item":"https:\/\/bbqentertainment.com\/tootekategooria\/lisatarvikud\/grillitarvikud\/"},{"@type":"ListItem","position":5,"name":"BBQ &amp; GRILL \u00fclipaks FOOLIUM 30m (laius 44 cm, 21 mikronit)"}]},{"@type":"WebSite","@id":"https:\/\/bbqentertainment.com\/#website","url":"https:\/\/bbqentertainment.com\/","name":"BBQ Entertainment","description":"BBQ is a great lifestyle, not just fun!","publisher":{"@id":"https:\/\/bbqentertainment.com\/#organization"},"potentialAction":[{"@type":"SearchAction","target":{"@type":"EntryPoint","urlTemplate":"https:\/\/bbqentertainment.com\/?s={search_term_string}"},"query-input":{"@type":"PropertyValueSpecification","valueRequired":true,"valueName":"search_term_string"}}],"inLanguage":"en-US"},{"@type":"Organization","@id":"https:\/\/bbqentertainment.com\/#organization","name":"BBQ Entertainment O\u00dc","url":"https:\/\/bbqentertainment.com\/","logo":{"@type":"ImageObject","inLanguage":"en-US","@id":"https:\/\/bbqentertainment.com\/#\/schema\/logo\/image\/","url":"https:\/\/bbqentertainment.com\/wp-content\/uploads\/2020\/04\/BBQ-Entertainment-N-Catering-Enn-Tobreluts-Logo.png","contentUrl":"https:\/\/bbqentertainment.com\/wp-content\/uploads\/2020\/04\/BBQ-Entertainment-N-Catering-Enn-Tobreluts-Logo.png","width":628,"height":266,"caption":"BBQ Entertainment O\u00dc"},"image":{"@id":"https:\/\/bbqentertainment.com\/#\/schema\/logo\/image\/"},"sameAs":["https:\/\/www.facebook.com\/BBQ-Entertainment-N-Catering-2437913376443540","https:\/\/www.instagram.com\/bbqentertainmentncatering\/","https:\/\/www.youtube.com\/channel\/UCmpuANQVhLy2Md8nrenp2jA"]}]}},"_links":{"self":[{"href":"https:\/\/bbqentertainment.com\/en\/wp-json\/wp\/v2\/product\/891","targetHints":{"allow":["GET"]}}],"collection":[{"href":"https:\/\/bbqentertainment.com\/en\/wp-json\/wp\/v2\/product"}],"about":[{"href":"https:\/\/bbqentertainment.com\/en\/wp-json\/wp\/v2\/types\/product"}],"wp:featuredmedia":[{"embeddable":true,"href":"https:\/\/bbqentertainment.com\/en\/wp-json\/wp\/v2\/media\/790"}],"wp:attachment":[{"href":"https:\/\/bbqentertainment.com\/en\/wp-json\/wp\/v2\/media?parent=891"}],"wp:term":[{"taxonomy":"product_brand","embeddable":true,"href":"https:\/\/bbqentertainment.com\/en\/wp-json\/wp\/v2\/product_brand?post=891"},{"taxonomy":"product_cat","embeddable":true,"href":"https:\/\/bbqentertainment.com\/en\/wp-json\/wp\/v2\/product_cat?post=891"},{"taxonomy":"product_tag","embeddable":true,"href":"https:\/\/bbqentertainment.com\/en\/wp-json\/wp\/v2\/product_tag?post=891"}],"curies":[{"name":"wp","href":"https:\/\/api.w.org\/{rel}","templated":true}]}}