{"id":960,"date":"2020-03-29T17:15:45","date_gmt":"2020-03-29T14:15:45","guid":{"rendered":"https:\/\/bbqentertainment.com\/?post_type=product&#038;p=960"},"modified":"2026-04-06T23:24:52","modified_gmt":"2026-04-06T20:24:52","slug":"kamado-joe-junior","status":"publish","type":"product","link":"https:\/\/bbqentertainment.com\/en\/toode\/kamado-joe-junior\/","title":{"rendered":"Kamado Joe Junior \u00ae"},"content":{"rendered":"","protected":false},"excerpt":{"rendered":"<h3><strong>Kamado Joe Junior \u00ae<\/strong><\/h3>\n<ul>\n<li><strong>K\u00fcsi eripakkumist! Kirjuta enn@bbqentertainment.com v\u00f5i helista 5165581.<\/strong><\/li>\n<li>Maailma tipp-kvaliteet!<\/li>\n<li>Parim hinna ja kvaliteedi suhe!<\/li>\n<li>Vaieldamatult parim valik keraamiliste grillide valdkonnas!<\/li>\n<li>Grillrest \u00d8 34 cm (13,5\u201d), ahi seest\u00a0\u00d8 36 cm, ahi v\u00e4ljast\u00a0\u00d8 41 cm, kaal 32 kg.<\/li>\n<\/ul>\n<p>Kui olete v\u00e4ljas\u00f5idul v\u00f5imaldab kvaliteetne ja \u00fcllatavalt mugavalt kaasaskantav keraamiline s\u00f6egrill Kamado Joe Junior \u00ae teil toitu valmistada praktiliselt k\u00f5ikjal. Ideaalne piknikuteks, basseinipidudeks, telkimiseks ja ka koduseks grillimiseks. Junior Joe kaalub vaid 31 kg ja omab piisavalt suurt k\u00fcpsetuspinda n\u00e4iteks selleks, et k\u00fcpsetada terve \u00f5llepurgikana v\u00f5i seakaelakarbonaad. Grilli paksude seintega keraamiline korpus lukustab endasse kuumuse, niiskuse ja maitsed ning keraamiline soojusdeflektor v\u00f5imaldab k\u00fcpsetada ka kaudse kuumusega, et saaksime veelgi pehmema ja maitsevama liha. <div class=\"accordion\"> \t<div id=\"accordion-3328404990\" class=\"accordion-item\">\n\t\t<a id=\"accordion-3328404990-label\" class=\"accordion-title plain\" href=\"#accordion-item-komplekti-kuulub\" aria-expanded=\"false\" aria-controls=\"accordion-3328404990-content\">\n\t\t\t<button class=\"toggle\" aria-label=\"Toggle\"><i class=\"icon-angle-down\" aria-hidden=\"true\"><\/i><\/button>\n\t\t\t<span>Komplekti kuulub<\/span>\n\t\t<\/a>\n\t\t<div id=\"accordion-3328404990-content\" class=\"accordion-inner\" aria-labelledby=\"accordion-3328404990-label\">\n\t\t\t\n<ul>\n<li>13,5\u201d (34 cm) keraamiline grillahi tsingitud terasest alusraamiga<\/li>\n<li>K\u00f5rge tihedusega pol\u00fcuretaanist k\u00e4epide<\/li>\n<li>1 tk t\u00e4iskuu keraamiline soojusdeflektor \/ pizzakivi (kuumusjagaja)<\/li>\n<li>1 tk roostevabaterasest (304) t\u00e4iskuu-grillrest (l\u00e4bim\u00f5\u00f5duga 34 cm)<\/li>\n<li>Sisseehitatud termomeeter<\/li>\n<li>Vildist kaanetihendid<\/li>\n<li>Tuharoop<\/li>\n<\/ul>\n\t\t<\/div>\n\t<\/div>\n\t \t<div id=\"accordion-630437058\" class=\"accordion-item\">\n\t\t<a id=\"accordion-630437058-label\" class=\"accordion-title plain\" href=\"#accordion-item-vaata-kamado-joe-tootekataloogi\" aria-expanded=\"false\" aria-controls=\"accordion-630437058-content\">\n\t\t\t<button class=\"toggle\" aria-label=\"Toggle\"><i class=\"icon-angle-down\" aria-hidden=\"true\"><\/i><\/button>\n\t\t\t<span>Vaata Kamado Joe tootekataloogi<\/span>\n\t\t<\/a>\n\t\t<div id=\"accordion-630437058-content\" class=\"accordion-inner\" aria-labelledby=\"accordion-630437058-label\">\n\t\t\t <a href=\"https:\/\/bbqentertainment.com\/wp-content\/uploads\/2020\/03\/Joe-Jr.pdf\">KAMADO JOE SUUR KATALOOG<\/a> \t\t<\/div>\n\t<\/div>\n\t \t<div id=\"accordion-1326085059\" class=\"accordion-item\">\n\t\t<a id=\"accordion-1326085059-label\" class=\"accordion-title plain\" href=\"#accordion-item-kasutusjuhend-inglise-keeles\" aria-expanded=\"false\" aria-controls=\"accordion-1326085059-content\">\n\t\t\t<button class=\"toggle\" aria-label=\"Toggle\"><i class=\"icon-angle-down\" aria-hidden=\"true\"><\/i><\/button>\n\t\t\t<span>Kasutusjuhend inglise keeles<\/span>\n\t\t<\/a>\n\t\t<div id=\"accordion-1326085059-content\" class=\"accordion-inner\" aria-labelledby=\"accordion-1326085059-label\">\n\t\t\t <a href=\"https:\/\/bbqentertainment.com\/wp-content\/uploads\/2020\/03\/9804190028_KJ-Joe-Jr-Manual_English_190515.pdf\" target=\"_blank\" rel=\"noopener\">Kamodoe Joe Jr kasutusjuhend ENG<\/a> \t\t<\/div>\n\t<\/div>\n\t \t<div id=\"accordion-690967653\" class=\"accordion-item\">\n\t\t<a id=\"accordion-690967653-label\" class=\"accordion-title plain\" href=\"#accordion-item-prindi-tooteleht\" aria-expanded=\"false\" aria-controls=\"accordion-690967653-content\">\n\t\t\t<button class=\"toggle\" aria-label=\"Toggle\"><i class=\"icon-angle-down\" aria-hidden=\"true\"><\/i><\/button>\n\t\t\t<span>Prindi tooteleht<\/span>\n\t\t<\/a>\n\t\t<div id=\"accordion-690967653-content\" class=\"accordion-inner\" aria-labelledby=\"accordion-690967653-label\">\n\t\t\t <a href=\"https:\/\/bbqentertainment.com\/wp-content\/uploads\/2020\/03\/Kamado-Joe-Junior-EST.pdf\" target=\"_blank\" rel=\"noopener\">Kamado Joe Junior tooteleht<\/a> \t\t<\/div>\n\t<\/div>\n\t <\/div>\n","protected":false},"featured_media":973,"template":"","meta":{"inline_featured_image":false},"product_brand":[],"product_cat":[17,349,18],"product_tag":[],"class_list":{"0":"post-960","1":"product","2":"type-product","3":"status-publish","4":"has-post-thumbnail","6":"product_cat-grillid-ja-ahjud","7":"product_cat-kamado-joe-tooted","8":"product_cat-kamado-joe","9":"product_shipping_class-ainult-ise-jarele-tulemisega","11":"first","12":"instock","13":"taxable","14":"shipping-taxable","15":"purchasable","16":"product-type-simple"},"yoast_head":"<!-- This site is optimized with the Yoast SEO plugin v27.2 - https:\/\/yoast.com\/product\/yoast-seo-wordpress\/ -->\n<title>Kamado Joe Junior \u00ae - BBQ Entertainment<\/title>\n<meta name=\"robots\" content=\"index, follow, max-snippet:-1, max-image-preview:large, max-video-preview:-1\" \/>\n<link rel=\"canonical\" href=\"https:\/\/bbqentertainment.com\/toode\/kamado-joe-junior\/\" \/>\n<meta property=\"og:locale\" content=\"en_US\" \/>\n<meta property=\"og:type\" content=\"article\" \/>\n<meta property=\"og:title\" content=\"Kamado Joe Junior \u00ae - BBQ Entertainment\" \/>\n<meta property=\"og:description\" content=\"Kamado Joe Junior \u00aeK\u00fcsi eripakkumist! Kirjuta enn@bbqentertainment.com v\u00f5i helista 5165581.Maailma tipp-kvaliteet!Parim hinna ja kvaliteedi suhe!Vaieldamatult parim valik keraamiliste grillide valdkonnas!Grillrest \u00d8 34 cm (13,5\u201d), ahi seest\u00a0\u00d8 36 cm, ahi v\u00e4ljast\u00a0\u00d8 41 cm, kaal 32 kg.Kui olete v\u00e4ljas\u00f5idul v\u00f5imaldab kvaliteetne ja \u00fcllatavalt mugavalt kaasaskantav keraamiline s\u00f6egrill Kamado Joe Junior \u00ae teil toitu valmistada praktiliselt k\u00f5ikjal. Ideaalne piknikuteks, basseinipidudeks, telkimiseks ja ka koduseks grillimiseks. Junior Joe kaalub vaid 31 kg ja omab piisavalt suurt k\u00fcpsetuspinda n\u00e4iteks selleks, et k\u00fcpsetada terve \u00f5llepurgikana v\u00f5i seakaelakarbonaad. Grilli paksude seintega keraamiline korpus lukustab endasse kuumuse, niiskuse ja maitsed ning keraamiline soojusdeflektor v\u00f5imaldab k\u00fcpsetada ka kaudse kuumusega, et saaksime veelgi pehmema ja maitsevama liha.\" \/>\n<meta property=\"og:url\" content=\"https:\/\/bbqentertainment.com\/toode\/kamado-joe-junior\/\" \/>\n<meta property=\"og:site_name\" content=\"BBQ Entertainment\" \/>\n<meta property=\"article:publisher\" content=\"https:\/\/www.facebook.com\/BBQ-Entertainment-N-Catering-2437913376443540\" \/>\n<meta property=\"article:modified_time\" content=\"2026-04-06T20:24:52+00:00\" \/>\n<meta property=\"og:image\" content=\"https:\/\/bbqentertainment.com\/wp-content\/uploads\/2020\/03\/Kamodoe-Joe-Joe-nr-BBQ-Entertainment-Enn-Tobreluts.jpg\" \/>\n\t<meta property=\"og:image:width\" content=\"1200\" \/>\n\t<meta property=\"og:image:height\" content=\"1200\" \/>\n\t<meta property=\"og:image:type\" content=\"image\/jpeg\" \/>\n<meta name=\"twitter:card\" content=\"summary_large_image\" \/>\n<meta name=\"twitter:label1\" content=\"Est. reading time\" \/>\n\t<meta name=\"twitter:data1\" content=\"1 minute\" \/>\n<script type=\"application\/ld+json\" class=\"yoast-schema-graph\">{\"@context\":\"https:\/\/schema.org\",\"@graph\":[{\"@type\":[\"WebPage\",\"ItemPage\"],\"@id\":\"https:\/\/bbqentertainment.com\/toode\/kamado-joe-junior\/\",\"url\":\"https:\/\/bbqentertainment.com\/toode\/kamado-joe-junior\/\",\"name\":\"Kamado Joe Junior \u00ae - BBQ Entertainment\",\"isPartOf\":{\"@id\":\"https:\/\/bbqentertainment.com\/#website\"},\"primaryImageOfPage\":{\"@id\":\"https:\/\/bbqentertainment.com\/toode\/kamado-joe-junior\/#primaryimage\"},\"image\":{\"@id\":\"https:\/\/bbqentertainment.com\/toode\/kamado-joe-junior\/#primaryimage\"},\"thumbnailUrl\":\"https:\/\/bbqentertainment.com\/wp-content\/uploads\/2020\/03\/Kamodoe-Joe-Joe-nr-BBQ-Entertainment-Enn-Tobreluts.jpg\",\"datePublished\":\"2020-03-29T14:15:45+00:00\",\"dateModified\":\"2026-04-06T20:24:52+00:00\",\"breadcrumb\":{\"@id\":\"https:\/\/bbqentertainment.com\/toode\/kamado-joe-junior\/#breadcrumb\"},\"inLanguage\":\"en-US\",\"potentialAction\":[{\"@type\":\"ReadAction\",\"target\":[\"https:\/\/bbqentertainment.com\/toode\/kamado-joe-junior\/\"]}]},{\"@type\":\"ImageObject\",\"inLanguage\":\"en-US\",\"@id\":\"https:\/\/bbqentertainment.com\/toode\/kamado-joe-junior\/#primaryimage\",\"url\":\"https:\/\/bbqentertainment.com\/wp-content\/uploads\/2020\/03\/Kamodoe-Joe-Joe-nr-BBQ-Entertainment-Enn-Tobreluts.jpg\",\"contentUrl\":\"https:\/\/bbqentertainment.com\/wp-content\/uploads\/2020\/03\/Kamodoe-Joe-Joe-nr-BBQ-Entertainment-Enn-Tobreluts.jpg\",\"width\":1200,\"height\":1200},{\"@type\":\"BreadcrumbList\",\"@id\":\"https:\/\/bbqentertainment.com\/toode\/kamado-joe-junior\/#breadcrumb\",\"itemListElement\":[{\"@type\":\"ListItem\",\"position\":1,\"name\":\"AVALEHT\",\"item\":\"https:\/\/bbqentertainment.com\/en\/\"},{\"@type\":\"ListItem\",\"position\":2,\"name\":\"Tooted\",\"item\":\"https:\/\/bbqentertainment.com\/tooted\/\"},{\"@type\":\"ListItem\",\"position\":3,\"name\":\"Kamado joe\",\"item\":\"https:\/\/bbqentertainment.com\/tootekategooria\/kamado-joe-tooted\/\"},{\"@type\":\"ListItem\",\"position\":4,\"name\":\"Kamado Joe Junior \u00ae\"}]},{\"@type\":\"WebSite\",\"@id\":\"https:\/\/bbqentertainment.com\/#website\",\"url\":\"https:\/\/bbqentertainment.com\/\",\"name\":\"BBQ Entertainment\",\"description\":\"BBQ is a great lifestyle, not just fun!\",\"publisher\":{\"@id\":\"https:\/\/bbqentertainment.com\/#organization\"},\"potentialAction\":[{\"@type\":\"SearchAction\",\"target\":{\"@type\":\"EntryPoint\",\"urlTemplate\":\"https:\/\/bbqentertainment.com\/?s={search_term_string}\"},\"query-input\":{\"@type\":\"PropertyValueSpecification\",\"valueRequired\":true,\"valueName\":\"search_term_string\"}}],\"inLanguage\":\"en-US\"},{\"@type\":\"Organization\",\"@id\":\"https:\/\/bbqentertainment.com\/#organization\",\"name\":\"BBQ Entertainment O\u00dc\",\"url\":\"https:\/\/bbqentertainment.com\/\",\"logo\":{\"@type\":\"ImageObject\",\"inLanguage\":\"en-US\",\"@id\":\"https:\/\/bbqentertainment.com\/#\/schema\/logo\/image\/\",\"url\":\"https:\/\/bbqentertainment.com\/wp-content\/uploads\/2020\/04\/BBQ-Entertainment-N-Catering-Enn-Tobreluts-Logo.png\",\"contentUrl\":\"https:\/\/bbqentertainment.com\/wp-content\/uploads\/2020\/04\/BBQ-Entertainment-N-Catering-Enn-Tobreluts-Logo.png\",\"width\":628,\"height\":266,\"caption\":\"BBQ Entertainment O\u00dc\"},\"image\":{\"@id\":\"https:\/\/bbqentertainment.com\/#\/schema\/logo\/image\/\"},\"sameAs\":[\"https:\/\/www.facebook.com\/BBQ-Entertainment-N-Catering-2437913376443540\",\"https:\/\/www.instagram.com\/bbqentertainmentncatering\/\",\"https:\/\/www.youtube.com\/channel\/UCmpuANQVhLy2Md8nrenp2jA\"]}]}<\/script>\n<!-- \/ Yoast SEO plugin. -->","yoast_head_json":{"title":"Kamado Joe Junior \u00ae - BBQ Entertainment","robots":{"index":"index","follow":"follow","max-snippet":"max-snippet:-1","max-image-preview":"max-image-preview:large","max-video-preview":"max-video-preview:-1"},"canonical":"https:\/\/bbqentertainment.com\/toode\/kamado-joe-junior\/","og_locale":"en_US","og_type":"article","og_title":"Kamado Joe Junior \u00ae - BBQ Entertainment","og_description":"Kamado Joe Junior \u00aeK\u00fcsi eripakkumist! Kirjuta enn@bbqentertainment.com v\u00f5i helista 5165581.Maailma tipp-kvaliteet!Parim hinna ja kvaliteedi suhe!Vaieldamatult parim valik keraamiliste grillide valdkonnas!Grillrest \u00d8 34 cm (13,5\u201d), ahi seest\u00a0\u00d8 36 cm, ahi v\u00e4ljast\u00a0\u00d8 41 cm, kaal 32 kg.Kui olete v\u00e4ljas\u00f5idul v\u00f5imaldab kvaliteetne ja \u00fcllatavalt mugavalt kaasaskantav keraamiline s\u00f6egrill Kamado Joe Junior \u00ae teil toitu valmistada praktiliselt k\u00f5ikjal. Ideaalne piknikuteks, basseinipidudeks, telkimiseks ja ka koduseks grillimiseks. Junior Joe kaalub vaid 31 kg ja omab piisavalt suurt k\u00fcpsetuspinda n\u00e4iteks selleks, et k\u00fcpsetada terve \u00f5llepurgikana v\u00f5i seakaelakarbonaad. Grilli paksude seintega keraamiline korpus lukustab endasse kuumuse, niiskuse ja maitsed ning keraamiline soojusdeflektor v\u00f5imaldab k\u00fcpsetada ka kaudse kuumusega, et saaksime veelgi pehmema ja maitsevama liha.","og_url":"https:\/\/bbqentertainment.com\/toode\/kamado-joe-junior\/","og_site_name":"BBQ Entertainment","article_publisher":"https:\/\/www.facebook.com\/BBQ-Entertainment-N-Catering-2437913376443540","article_modified_time":"2026-04-06T20:24:52+00:00","og_image":[{"width":1200,"height":1200,"url":"https:\/\/bbqentertainment.com\/wp-content\/uploads\/2020\/03\/Kamodoe-Joe-Joe-nr-BBQ-Entertainment-Enn-Tobreluts.jpg","type":"image\/jpeg"}],"twitter_card":"summary_large_image","twitter_misc":{"Est. reading time":"1 minute"},"schema":{"@context":"https:\/\/schema.org","@graph":[{"@type":["WebPage","ItemPage"],"@id":"https:\/\/bbqentertainment.com\/toode\/kamado-joe-junior\/","url":"https:\/\/bbqentertainment.com\/toode\/kamado-joe-junior\/","name":"Kamado Joe Junior \u00ae - BBQ Entertainment","isPartOf":{"@id":"https:\/\/bbqentertainment.com\/#website"},"primaryImageOfPage":{"@id":"https:\/\/bbqentertainment.com\/toode\/kamado-joe-junior\/#primaryimage"},"image":{"@id":"https:\/\/bbqentertainment.com\/toode\/kamado-joe-junior\/#primaryimage"},"thumbnailUrl":"https:\/\/bbqentertainment.com\/wp-content\/uploads\/2020\/03\/Kamodoe-Joe-Joe-nr-BBQ-Entertainment-Enn-Tobreluts.jpg","datePublished":"2020-03-29T14:15:45+00:00","dateModified":"2026-04-06T20:24:52+00:00","breadcrumb":{"@id":"https:\/\/bbqentertainment.com\/toode\/kamado-joe-junior\/#breadcrumb"},"inLanguage":"en-US","potentialAction":[{"@type":"ReadAction","target":["https:\/\/bbqentertainment.com\/toode\/kamado-joe-junior\/"]}]},{"@type":"ImageObject","inLanguage":"en-US","@id":"https:\/\/bbqentertainment.com\/toode\/kamado-joe-junior\/#primaryimage","url":"https:\/\/bbqentertainment.com\/wp-content\/uploads\/2020\/03\/Kamodoe-Joe-Joe-nr-BBQ-Entertainment-Enn-Tobreluts.jpg","contentUrl":"https:\/\/bbqentertainment.com\/wp-content\/uploads\/2020\/03\/Kamodoe-Joe-Joe-nr-BBQ-Entertainment-Enn-Tobreluts.jpg","width":1200,"height":1200},{"@type":"BreadcrumbList","@id":"https:\/\/bbqentertainment.com\/toode\/kamado-joe-junior\/#breadcrumb","itemListElement":[{"@type":"ListItem","position":1,"name":"AVALEHT","item":"https:\/\/bbqentertainment.com\/en\/"},{"@type":"ListItem","position":2,"name":"Tooted","item":"https:\/\/bbqentertainment.com\/tooted\/"},{"@type":"ListItem","position":3,"name":"Kamado joe","item":"https:\/\/bbqentertainment.com\/tootekategooria\/kamado-joe-tooted\/"},{"@type":"ListItem","position":4,"name":"Kamado Joe Junior \u00ae"}]},{"@type":"WebSite","@id":"https:\/\/bbqentertainment.com\/#website","url":"https:\/\/bbqentertainment.com\/","name":"BBQ Entertainment","description":"BBQ is a great lifestyle, not just fun!","publisher":{"@id":"https:\/\/bbqentertainment.com\/#organization"},"potentialAction":[{"@type":"SearchAction","target":{"@type":"EntryPoint","urlTemplate":"https:\/\/bbqentertainment.com\/?s={search_term_string}"},"query-input":{"@type":"PropertyValueSpecification","valueRequired":true,"valueName":"search_term_string"}}],"inLanguage":"en-US"},{"@type":"Organization","@id":"https:\/\/bbqentertainment.com\/#organization","name":"BBQ Entertainment O\u00dc","url":"https:\/\/bbqentertainment.com\/","logo":{"@type":"ImageObject","inLanguage":"en-US","@id":"https:\/\/bbqentertainment.com\/#\/schema\/logo\/image\/","url":"https:\/\/bbqentertainment.com\/wp-content\/uploads\/2020\/04\/BBQ-Entertainment-N-Catering-Enn-Tobreluts-Logo.png","contentUrl":"https:\/\/bbqentertainment.com\/wp-content\/uploads\/2020\/04\/BBQ-Entertainment-N-Catering-Enn-Tobreluts-Logo.png","width":628,"height":266,"caption":"BBQ Entertainment O\u00dc"},"image":{"@id":"https:\/\/bbqentertainment.com\/#\/schema\/logo\/image\/"},"sameAs":["https:\/\/www.facebook.com\/BBQ-Entertainment-N-Catering-2437913376443540","https:\/\/www.instagram.com\/bbqentertainmentncatering\/","https:\/\/www.youtube.com\/channel\/UCmpuANQVhLy2Md8nrenp2jA"]}]}},"_links":{"self":[{"href":"https:\/\/bbqentertainment.com\/en\/wp-json\/wp\/v2\/product\/960","targetHints":{"allow":["GET"]}}],"collection":[{"href":"https:\/\/bbqentertainment.com\/en\/wp-json\/wp\/v2\/product"}],"about":[{"href":"https:\/\/bbqentertainment.com\/en\/wp-json\/wp\/v2\/types\/product"}],"wp:featuredmedia":[{"embeddable":true,"href":"https:\/\/bbqentertainment.com\/en\/wp-json\/wp\/v2\/media\/973"}],"wp:attachment":[{"href":"https:\/\/bbqentertainment.com\/en\/wp-json\/wp\/v2\/media?parent=960"}],"wp:term":[{"taxonomy":"product_brand","embeddable":true,"href":"https:\/\/bbqentertainment.com\/en\/wp-json\/wp\/v2\/product_brand?post=960"},{"taxonomy":"product_cat","embeddable":true,"href":"https:\/\/bbqentertainment.com\/en\/wp-json\/wp\/v2\/product_cat?post=960"},{"taxonomy":"product_tag","embeddable":true,"href":"https:\/\/bbqentertainment.com\/en\/wp-json\/wp\/v2\/product_tag?post=960"}],"curies":[{"name":"wp","href":"https:\/\/api.w.org\/{rel}","templated":true}]}}