{"id":986,"date":"2020-03-29T18:11:41","date_gmt":"2020-03-29T15:11:41","guid":{"rendered":"https:\/\/bbqentertainment.com\/?post_type=product&#038;p=986"},"modified":"2026-04-06T23:24:52","modified_gmt":"2026-04-06T20:24:52","slug":"kamado-joe-big-iii","status":"publish","type":"product","link":"https:\/\/bbqentertainment.com\/en\/toode\/kamado-joe-big-iii\/","title":{"rendered":"Kamado Joe \u00ae Big III"},"content":{"rendered":"<div class=\"wp-video\" style=\"width: 1020px;\">\n<div style=\"width: 1020px;\" class=\"wp-video\"><video class=\"wp-video-shortcode\" id=\"video-986-1\" width=\"1020\" height=\"574\" preload=\"metadata\" controls=\"controls\"><source type=\"video\/mp4\" src=\"https:\/\/bbqentertainment.com\/wp-content\/uploads\/2020\/03\/big_joe_3_1920_1080_h264_v1.mp4?_=1\" \/><a href=\"https:\/\/bbqentertainment.com\/wp-content\/uploads\/2020\/03\/big_joe_3_1920_1080_h264_v1.mp4\">https:\/\/bbqentertainment.com\/wp-content\/uploads\/2020\/03\/big_joe_3_1920_1080_h264_v1.mp4<\/a><\/video><\/div>\n<\/div>\n<p>&nbsp;<\/p>\n","protected":false},"excerpt":{"rendered":"<h3><strong>Kamado Joe \u00ae Big III<\/strong><\/h3>\n<ul>\n<li><strong>K\u00fcsi eripakkumist! Kirjuta enn@bbqentertainment.com v\u00f5i helista 5165581.<\/strong><\/li>\n<li>Maailma tipp-kvaliteet<\/li>\n<li>Parim hinna ja kvaliteedi suhe!<\/li>\n<li>Vaieldamatult parim valik keraamiliste grillide valdkonnas!<\/li>\n<li>Grillrest \u00d8 61 cm (24\u201d), ahi seest\u00a0\u00d8 63 cm, ahi v\u00e4ljast\u00a0\u00d8 72 cm, kaal 221 kg.<\/li>\n<\/ul>\n<p>Big III komplekti kuulub\u00a0k\u00f5ige v\u00e4rskem uuendus \u2013 revolutsiooniline\u00a0h\u00fcperboolse\u00a0suitsukambri sisu\u00a0\u201c<em>SloRoller<\/em>\u201c, mis kasutab keerleva \u00f5huvoolu tehnoloogiat\u00a0\u2014 reguleerib\u00a0kuumust ja suitsu.\u00a0See on m\u00f5eldud toidu maitse ja\u00a0tekstuuri t\u00e4iustamiseks madalal ja aeglasel\u00a0k\u00fcpsetamisel kuni max 260 \u00b0C juures. See on\u00a0kergesti\u00a0vahetatav\u00a0keraamilise\u00a0soojusdeflektori vastu v\u00f5i \u00fcldse v\u00e4lja v\u00f5tta kui\u00a0soovitakse pruunistada v\u00f5i grillida k\u00f5rgemal\u00a0kuumusel. Sarnaselt oma eelk\u00e4ijale, Big II\u00a0grillile, on ka sellel\u00a0paksude seintega kuumakindel\u00a0keraamiline korpus, mis lukustab suitsu ja niiskuse mis tahes\u00a0temperatuuril. Lihtsasti avataval kuplil on vastukaaluga\u00a0(nn amordiga)\u00a0hing \u201c<em>Air Lift\u201d<\/em>\u00a0ja ilmastikukindel \/ \u00fclit\u00e4pne \u00fclemine\u00a0ventilatsiooniava\u00a0\u201c<em>Kontrol Tower<\/em>\u201d.\u00a0K\u00fcpsetusrest on valmistatud v\u00e4ga kvaliteetsest roosetavabaterasest (304). Teiste Big III\u00a0uuenduste hulka\u00a0kuuluvad ka neljatasandiline\u00a0multifunktsionaalne toiduvalmistuss\u00fcsteem \u201c<em>Divide &amp;<\/em>\u00a0Conquer\u00ae\u201d koos roostevabast terasest s\u00f6ekorviga,\u00a0kuumakindlad \/\u00a0pulberv\u00e4rvitud alumiiniumist\u00a0k\u00fcljeriiulid, hea kvaliteediga ilmastikukindel\u00a0tsingitud\u00a0terasest ratastega alusraam,\u00a0t\u00e4iustatud mitme paneeliga\u00a0keraamiline\u00a0tulekolle ja patenteeritud\u00a0v\u00e4ljat\u00f5mmatav tuhasahtel. <h3 class=\"accordion_title\">Lisainfo<\/h3><div class=\"accordion\"> \t<div id=\"accordion-2950928312\" class=\"accordion-item\">\n\t\t<a id=\"accordion-2950928312-label\" class=\"accordion-title plain\" href=\"#accordion-item-strongkomplekti-kuulub\/strong\" aria-expanded=\"false\" aria-controls=\"accordion-2950928312-content\">\n\t\t\t<button class=\"toggle\" aria-label=\"Toggle\"><i class=\"icon-angle-down\" aria-hidden=\"true\"><\/i><\/button>\n\t\t\t<span><strong>Komplekti kuulub<\/strong><\/span>\n\t\t<\/a>\n\t\t<div id=\"accordion-2950928312-content\" class=\"accordion-inner\" aria-labelledby=\"accordion-2950928312-label\">\n\t\t\t\n<ul>\n<li>\n<div>24\u201d (61 cm) keraamiline grillahi tsingitud terasest uudse alusraami ja lukustatavate ratastega<\/div>\n<\/li>\n<li>\n<div>Patenteeritud h\u00fcperboolne suitsukamber \u201cSloRoller\u201d<\/div>\n<\/li>\n<li>\n<div>Viimistletud kokkuklapitavad alumiiniumist k\u00fclgmised riiulid ja k\u00f5rge tihedusega pol\u00fcuretaanist k\u00e4epide<\/div>\n<\/li>\n<li>\n<div>Paindlikku k\u00fcpsetamist v\u00f5imaldav neljatasandiline s\u00fcsteem \u201cDivide &amp; Conquer\u00ae\u201d, st sealhulgas 2 tk poolkuu keraamilised soojusdeflektorid (kuumusjagajad) ja 2 tk roostevabaterasest (304) poolkuu-grillresti\u00a0(l\u00e4bim\u00f5\u00f5duga 61 cm) \u2013 lisa grillreste saab lisadena juurde osta<\/div>\n<\/li>\n<li>\n<div>Patenteeritud v\u00e4ljat\u00f5mmatav roostevabaterasest (304) tuhasahtel grilli lihtsamaks puhastamiseks<\/div>\n<\/li>\n<li>\n<div>Sisseehitatud termomeeter<\/div>\n<\/li>\n<li>\n<div>Alumiiniumist \u00fclemine ventilatsiooniava \u201cKontrol Tower\u201d<\/div>\n<\/li>\n<li>\n<div>Hing \u201cAir Lift\u201d (st amordiga kaan)<\/div>\n<\/li>\n<li>\n<div>AMP mitmepaneeliga tulekolle (st mitmest osast koosnev, mittepurunev)<\/div>\n<\/li>\n<li>\n<div>Roostevabast terasest (304) s\u00f6ekorv, mis tagab grills\u00f6e veelgi \u00fchtlasema h\u00f5\u00f5gumise<\/div>\n<\/li>\n<li>\n<div>Traatv\u00f5rguga kuumakindel klaaskiudtihend<\/div>\n<\/li>\n<li>\n<div>Roostevabaterasest (304) kaanesulgemise klamber<\/div>\n<\/li>\n<li>\n<div><span style=\"font-size: 14.399999px;\">Tuharoop<\/span><\/div>\n<\/li>\n<\/ul>\n\t\t<\/div>\n\t<\/div>\n\t \t<div id=\"accordion-139893214\" class=\"accordion-item\">\n\t\t<a id=\"accordion-139893214-label\" class=\"accordion-title plain\" href=\"#accordion-item-strongvaata-kamado-joe-tootekataloogi\/strong\" aria-expanded=\"false\" aria-controls=\"accordion-139893214-content\">\n\t\t\t<button class=\"toggle\" aria-label=\"Toggle\"><i class=\"icon-angle-down\" aria-hidden=\"true\"><\/i><\/button>\n\t\t\t<span><strong>Vaata Kamado Joe tootekataloogi<\/strong><\/span>\n\t\t<\/a>\n\t\t<div id=\"accordion-139893214-content\" class=\"accordion-inner\" aria-labelledby=\"accordion-139893214-label\">\n\t\t\t <a href=\"https:\/\/bbqentertainment.com\/wp-content\/uploads\/2021\/11\/KJO_2019-Brochure_EnglishUK.pdf\" target=\"_blank\" rel=\"noopener\">KAMADO JOE SUUR KATALOOG<\/a> \t\t<\/div>\n\t<\/div>\n\t \t<div id=\"accordion-3994783548\" class=\"accordion-item\">\n\t\t<a id=\"accordion-3994783548-label\" class=\"accordion-title plain\" href=\"#accordion-item-strongbig-iii-tootekataloog\/strong\" aria-expanded=\"false\" aria-controls=\"accordion-3994783548-content\">\n\t\t\t<button class=\"toggle\" aria-label=\"Toggle\"><i class=\"icon-angle-down\" aria-hidden=\"true\"><\/i><\/button>\n\t\t\t<span><strong>Big III tootekataloog<\/strong><\/span>\n\t\t<\/a>\n\t\t<div id=\"accordion-3994783548-content\" class=\"accordion-inner\" aria-labelledby=\"accordion-3994783548-label\">\n\t\t\t <a href=\"https:\/\/bbqentertainment.com\/wp-content\/uploads\/2020\/03\/BigJoe-III-EST.pdf\" target=\"\" rel=\"noopener noreferrer\">BigJoe III EST<\/a> \t\t<\/div>\n\t<\/div>\n\t <\/div>\n","protected":false},"featured_media":237242,"template":"","meta":{"inline_featured_image":false},"product_brand":[],"product_cat":[17,349,18],"product_tag":[],"class_list":{"0":"post-986","1":"product","2":"type-product","3":"status-publish","4":"has-post-thumbnail","6":"product_cat-grillid-ja-ahjud","7":"product_cat-kamado-joe-tooted","8":"product_cat-kamado-joe","9":"product_shipping_class-ainult-ise-jarele-tulemisega","11":"first","12":"instock","13":"taxable","14":"shipping-taxable","15":"purchasable","16":"product-type-simple"},"yoast_head":"<!-- This site is optimized with the Yoast SEO plugin v27.2 - https:\/\/yoast.com\/product\/yoast-seo-wordpress\/ -->\n<title>Kamado Joe \u00ae Big III - BBQ Entertainment<\/title>\n<meta name=\"robots\" content=\"index, follow, max-snippet:-1, max-image-preview:large, max-video-preview:-1\" \/>\n<link rel=\"canonical\" href=\"https:\/\/bbqentertainment.com\/toode\/kamado-joe-big-iii\/\" \/>\n<meta property=\"og:locale\" content=\"en_US\" \/>\n<meta property=\"og:type\" content=\"article\" \/>\n<meta property=\"og:title\" content=\"Kamado Joe \u00ae Big III - BBQ Entertainment\" \/>\n<meta property=\"og:description\" content=\"Kamado Joe \u00ae Big IIIK\u00fcsi eripakkumist! Kirjuta enn@bbqentertainment.com v\u00f5i helista 5165581.Maailma tipp-kvaliteetParim hinna ja kvaliteedi suhe!Vaieldamatult parim valik keraamiliste grillide valdkonnas!Grillrest \u00d8 61 cm (24\u201d), ahi seest\u00a0\u00d8 63 cm, ahi v\u00e4ljast\u00a0\u00d8 72 cm, kaal 221 kg.Big III komplekti kuulub\u00a0k\u00f5ige v\u00e4rskem uuendus \u2013 revolutsiooniline\u00a0h\u00fcperboolse\u00a0suitsukambri sisu\u00a0\u201cSloRoller\u201c, mis kasutab keerleva \u00f5huvoolu tehnoloogiat\u00a0\u2014 reguleerib\u00a0kuumust ja suitsu.\u00a0See on m\u00f5eldud toidu maitse ja\u00a0tekstuuri t\u00e4iustamiseks madalal ja aeglasel\u00a0k\u00fcpsetamisel kuni max 260 \u00b0C juures. See on\u00a0kergesti\u00a0vahetatav\u00a0keraamilise\u00a0soojusdeflektori vastu v\u00f5i \u00fcldse v\u00e4lja v\u00f5tta kui\u00a0soovitakse pruunistada v\u00f5i grillida k\u00f5rgemal\u00a0kuumusel. Sarnaselt oma eelk\u00e4ijale, Big II\u00a0grillile, on ka sellel\u00a0paksude seintega kuumakindel\u00a0keraamiline korpus, mis lukustab suitsu ja niiskuse mis tahes\u00a0temperatuuril. Lihtsasti avataval kuplil on vastukaaluga\u00a0(nn amordiga)\u00a0hing \u201cAir Lift\u201d\u00a0ja ilmastikukindel \/ \u00fclit\u00e4pne \u00fclemine\u00a0ventilatsiooniava\u00a0\u201cKontrol Tower\u201d.\u00a0K\u00fcpsetusrest on valmistatud v\u00e4ga kvaliteetsest roosetavabaterasest (304). Teiste Big III\u00a0uuenduste hulka\u00a0kuuluvad ka neljatasandiline\u00a0multifunktsionaalne toiduvalmistuss\u00fcsteem \u201cDivide &amp;\u00a0Conquer\u00ae\u201d koos roostevabast terasest s\u00f6ekorviga,\u00a0kuumakindlad \/\u00a0pulberv\u00e4rvitud alumiiniumist\u00a0k\u00fcljeriiulid, hea kvaliteediga ilmastikukindel\u00a0tsingitud\u00a0terasest ratastega alusraam,\u00a0t\u00e4iustatud mitme paneeliga\u00a0keraamiline\u00a0tulekolle ja patenteeritud\u00a0v\u00e4ljat\u00f5mmatav tuhasahtel.\" \/>\n<meta property=\"og:url\" content=\"https:\/\/bbqentertainment.com\/toode\/kamado-joe-big-iii\/\" \/>\n<meta property=\"og:site_name\" content=\"BBQ Entertainment\" \/>\n<meta property=\"article:publisher\" content=\"https:\/\/www.facebook.com\/BBQ-Entertainment-N-Catering-2437913376443540\" \/>\n<meta property=\"article:modified_time\" content=\"2026-04-06T20:24:52+00:00\" \/>\n<meta property=\"og:image\" content=\"https:\/\/bbqentertainment.com\/wp-content\/uploads\/2021\/11\/Kamado-Joe-\u00ae-Big-III-1.jpg\" \/>\n\t<meta property=\"og:image:width\" content=\"1200\" \/>\n\t<meta property=\"og:image:height\" content=\"1200\" \/>\n\t<meta property=\"og:image:type\" content=\"image\/jpeg\" \/>\n<meta name=\"twitter:card\" content=\"summary_large_image\" \/>\n<meta name=\"twitter:label1\" content=\"Est. reading time\" \/>\n\t<meta name=\"twitter:data1\" content=\"1 minute\" \/>\n<script type=\"application\/ld+json\" class=\"yoast-schema-graph\">{\"@context\":\"https:\/\/schema.org\",\"@graph\":[{\"@type\":[\"WebPage\",\"ItemPage\"],\"@id\":\"https:\/\/bbqentertainment.com\/toode\/kamado-joe-big-iii\/\",\"url\":\"https:\/\/bbqentertainment.com\/toode\/kamado-joe-big-iii\/\",\"name\":\"Kamado Joe \u00ae Big III - BBQ Entertainment\",\"isPartOf\":{\"@id\":\"https:\/\/bbqentertainment.com\/#website\"},\"primaryImageOfPage\":{\"@id\":\"https:\/\/bbqentertainment.com\/toode\/kamado-joe-big-iii\/#primaryimage\"},\"image\":{\"@id\":\"https:\/\/bbqentertainment.com\/toode\/kamado-joe-big-iii\/#primaryimage\"},\"thumbnailUrl\":\"https:\/\/bbqentertainment.com\/wp-content\/uploads\/2021\/11\/Kamado-Joe-\u00ae-Big-III-1.jpg\",\"datePublished\":\"2020-03-29T15:11:41+00:00\",\"dateModified\":\"2026-04-06T20:24:52+00:00\",\"breadcrumb\":{\"@id\":\"https:\/\/bbqentertainment.com\/toode\/kamado-joe-big-iii\/#breadcrumb\"},\"inLanguage\":\"en-US\",\"potentialAction\":[{\"@type\":\"ReadAction\",\"target\":[\"https:\/\/bbqentertainment.com\/toode\/kamado-joe-big-iii\/\"]}]},{\"@type\":\"ImageObject\",\"inLanguage\":\"en-US\",\"@id\":\"https:\/\/bbqentertainment.com\/toode\/kamado-joe-big-iii\/#primaryimage\",\"url\":\"https:\/\/bbqentertainment.com\/wp-content\/uploads\/2021\/11\/Kamado-Joe-\u00ae-Big-III-1.jpg\",\"contentUrl\":\"https:\/\/bbqentertainment.com\/wp-content\/uploads\/2021\/11\/Kamado-Joe-\u00ae-Big-III-1.jpg\",\"width\":1200,\"height\":1200},{\"@type\":\"BreadcrumbList\",\"@id\":\"https:\/\/bbqentertainment.com\/toode\/kamado-joe-big-iii\/#breadcrumb\",\"itemListElement\":[{\"@type\":\"ListItem\",\"position\":1,\"name\":\"AVALEHT\",\"item\":\"https:\/\/bbqentertainment.com\/en\/\"},{\"@type\":\"ListItem\",\"position\":2,\"name\":\"Tooted\",\"item\":\"https:\/\/bbqentertainment.com\/tooted\/\"},{\"@type\":\"ListItem\",\"position\":3,\"name\":\"Kamado joe\",\"item\":\"https:\/\/bbqentertainment.com\/tootekategooria\/kamado-joe-tooted\/\"},{\"@type\":\"ListItem\",\"position\":4,\"name\":\"Kamado Joe\",\"item\":\"https:\/\/bbqentertainment.com\/tootekategooria\/kamado-joe-tooted\/kamado-joe\/\"},{\"@type\":\"ListItem\",\"position\":5,\"name\":\"Kamado Joe \u00ae Big III\"}]},{\"@type\":\"WebSite\",\"@id\":\"https:\/\/bbqentertainment.com\/#website\",\"url\":\"https:\/\/bbqentertainment.com\/\",\"name\":\"BBQ Entertainment\",\"description\":\"BBQ is a great lifestyle, not just fun!\",\"publisher\":{\"@id\":\"https:\/\/bbqentertainment.com\/#organization\"},\"potentialAction\":[{\"@type\":\"SearchAction\",\"target\":{\"@type\":\"EntryPoint\",\"urlTemplate\":\"https:\/\/bbqentertainment.com\/?s={search_term_string}\"},\"query-input\":{\"@type\":\"PropertyValueSpecification\",\"valueRequired\":true,\"valueName\":\"search_term_string\"}}],\"inLanguage\":\"en-US\"},{\"@type\":\"Organization\",\"@id\":\"https:\/\/bbqentertainment.com\/#organization\",\"name\":\"BBQ Entertainment O\u00dc\",\"url\":\"https:\/\/bbqentertainment.com\/\",\"logo\":{\"@type\":\"ImageObject\",\"inLanguage\":\"en-US\",\"@id\":\"https:\/\/bbqentertainment.com\/#\/schema\/logo\/image\/\",\"url\":\"https:\/\/bbqentertainment.com\/wp-content\/uploads\/2020\/04\/BBQ-Entertainment-N-Catering-Enn-Tobreluts-Logo.png\",\"contentUrl\":\"https:\/\/bbqentertainment.com\/wp-content\/uploads\/2020\/04\/BBQ-Entertainment-N-Catering-Enn-Tobreluts-Logo.png\",\"width\":628,\"height\":266,\"caption\":\"BBQ Entertainment O\u00dc\"},\"image\":{\"@id\":\"https:\/\/bbqentertainment.com\/#\/schema\/logo\/image\/\"},\"sameAs\":[\"https:\/\/www.facebook.com\/BBQ-Entertainment-N-Catering-2437913376443540\",\"https:\/\/www.instagram.com\/bbqentertainmentncatering\/\",\"https:\/\/www.youtube.com\/channel\/UCmpuANQVhLy2Md8nrenp2jA\"]}]}<\/script>\n<!-- \/ Yoast SEO plugin. -->","yoast_head_json":{"title":"Kamado Joe \u00ae Big III - BBQ Entertainment","robots":{"index":"index","follow":"follow","max-snippet":"max-snippet:-1","max-image-preview":"max-image-preview:large","max-video-preview":"max-video-preview:-1"},"canonical":"https:\/\/bbqentertainment.com\/toode\/kamado-joe-big-iii\/","og_locale":"en_US","og_type":"article","og_title":"Kamado Joe \u00ae Big III - BBQ Entertainment","og_description":"Kamado Joe \u00ae Big IIIK\u00fcsi eripakkumist! Kirjuta enn@bbqentertainment.com v\u00f5i helista 5165581.Maailma tipp-kvaliteetParim hinna ja kvaliteedi suhe!Vaieldamatult parim valik keraamiliste grillide valdkonnas!Grillrest \u00d8 61 cm (24\u201d), ahi seest\u00a0\u00d8 63 cm, ahi v\u00e4ljast\u00a0\u00d8 72 cm, kaal 221 kg.Big III komplekti kuulub\u00a0k\u00f5ige v\u00e4rskem uuendus \u2013 revolutsiooniline\u00a0h\u00fcperboolse\u00a0suitsukambri sisu\u00a0\u201cSloRoller\u201c, mis kasutab keerleva \u00f5huvoolu tehnoloogiat\u00a0\u2014 reguleerib\u00a0kuumust ja suitsu.\u00a0See on m\u00f5eldud toidu maitse ja\u00a0tekstuuri t\u00e4iustamiseks madalal ja aeglasel\u00a0k\u00fcpsetamisel kuni max 260 \u00b0C juures. See on\u00a0kergesti\u00a0vahetatav\u00a0keraamilise\u00a0soojusdeflektori vastu v\u00f5i \u00fcldse v\u00e4lja v\u00f5tta kui\u00a0soovitakse pruunistada v\u00f5i grillida k\u00f5rgemal\u00a0kuumusel. Sarnaselt oma eelk\u00e4ijale, Big II\u00a0grillile, on ka sellel\u00a0paksude seintega kuumakindel\u00a0keraamiline korpus, mis lukustab suitsu ja niiskuse mis tahes\u00a0temperatuuril. Lihtsasti avataval kuplil on vastukaaluga\u00a0(nn amordiga)\u00a0hing \u201cAir Lift\u201d\u00a0ja ilmastikukindel \/ \u00fclit\u00e4pne \u00fclemine\u00a0ventilatsiooniava\u00a0\u201cKontrol Tower\u201d.\u00a0K\u00fcpsetusrest on valmistatud v\u00e4ga kvaliteetsest roosetavabaterasest (304). Teiste Big III\u00a0uuenduste hulka\u00a0kuuluvad ka neljatasandiline\u00a0multifunktsionaalne toiduvalmistuss\u00fcsteem \u201cDivide &amp;\u00a0Conquer\u00ae\u201d koos roostevabast terasest s\u00f6ekorviga,\u00a0kuumakindlad \/\u00a0pulberv\u00e4rvitud alumiiniumist\u00a0k\u00fcljeriiulid, hea kvaliteediga ilmastikukindel\u00a0tsingitud\u00a0terasest ratastega alusraam,\u00a0t\u00e4iustatud mitme paneeliga\u00a0keraamiline\u00a0tulekolle ja patenteeritud\u00a0v\u00e4ljat\u00f5mmatav tuhasahtel.","og_url":"https:\/\/bbqentertainment.com\/toode\/kamado-joe-big-iii\/","og_site_name":"BBQ Entertainment","article_publisher":"https:\/\/www.facebook.com\/BBQ-Entertainment-N-Catering-2437913376443540","article_modified_time":"2026-04-06T20:24:52+00:00","og_image":[{"width":1200,"height":1200,"url":"https:\/\/bbqentertainment.com\/wp-content\/uploads\/2021\/11\/Kamado-Joe-\u00ae-Big-III-1.jpg","type":"image\/jpeg"}],"twitter_card":"summary_large_image","twitter_misc":{"Est. reading time":"1 minute"},"schema":{"@context":"https:\/\/schema.org","@graph":[{"@type":["WebPage","ItemPage"],"@id":"https:\/\/bbqentertainment.com\/toode\/kamado-joe-big-iii\/","url":"https:\/\/bbqentertainment.com\/toode\/kamado-joe-big-iii\/","name":"Kamado Joe \u00ae Big III - BBQ Entertainment","isPartOf":{"@id":"https:\/\/bbqentertainment.com\/#website"},"primaryImageOfPage":{"@id":"https:\/\/bbqentertainment.com\/toode\/kamado-joe-big-iii\/#primaryimage"},"image":{"@id":"https:\/\/bbqentertainment.com\/toode\/kamado-joe-big-iii\/#primaryimage"},"thumbnailUrl":"https:\/\/bbqentertainment.com\/wp-content\/uploads\/2021\/11\/Kamado-Joe-\u00ae-Big-III-1.jpg","datePublished":"2020-03-29T15:11:41+00:00","dateModified":"2026-04-06T20:24:52+00:00","breadcrumb":{"@id":"https:\/\/bbqentertainment.com\/toode\/kamado-joe-big-iii\/#breadcrumb"},"inLanguage":"en-US","potentialAction":[{"@type":"ReadAction","target":["https:\/\/bbqentertainment.com\/toode\/kamado-joe-big-iii\/"]}]},{"@type":"ImageObject","inLanguage":"en-US","@id":"https:\/\/bbqentertainment.com\/toode\/kamado-joe-big-iii\/#primaryimage","url":"https:\/\/bbqentertainment.com\/wp-content\/uploads\/2021\/11\/Kamado-Joe-\u00ae-Big-III-1.jpg","contentUrl":"https:\/\/bbqentertainment.com\/wp-content\/uploads\/2021\/11\/Kamado-Joe-\u00ae-Big-III-1.jpg","width":1200,"height":1200},{"@type":"BreadcrumbList","@id":"https:\/\/bbqentertainment.com\/toode\/kamado-joe-big-iii\/#breadcrumb","itemListElement":[{"@type":"ListItem","position":1,"name":"AVALEHT","item":"https:\/\/bbqentertainment.com\/en\/"},{"@type":"ListItem","position":2,"name":"Tooted","item":"https:\/\/bbqentertainment.com\/tooted\/"},{"@type":"ListItem","position":3,"name":"Kamado joe","item":"https:\/\/bbqentertainment.com\/tootekategooria\/kamado-joe-tooted\/"},{"@type":"ListItem","position":4,"name":"Kamado Joe","item":"https:\/\/bbqentertainment.com\/tootekategooria\/kamado-joe-tooted\/kamado-joe\/"},{"@type":"ListItem","position":5,"name":"Kamado Joe \u00ae Big III"}]},{"@type":"WebSite","@id":"https:\/\/bbqentertainment.com\/#website","url":"https:\/\/bbqentertainment.com\/","name":"BBQ Entertainment","description":"BBQ is a great lifestyle, not just fun!","publisher":{"@id":"https:\/\/bbqentertainment.com\/#organization"},"potentialAction":[{"@type":"SearchAction","target":{"@type":"EntryPoint","urlTemplate":"https:\/\/bbqentertainment.com\/?s={search_term_string}"},"query-input":{"@type":"PropertyValueSpecification","valueRequired":true,"valueName":"search_term_string"}}],"inLanguage":"en-US"},{"@type":"Organization","@id":"https:\/\/bbqentertainment.com\/#organization","name":"BBQ Entertainment O\u00dc","url":"https:\/\/bbqentertainment.com\/","logo":{"@type":"ImageObject","inLanguage":"en-US","@id":"https:\/\/bbqentertainment.com\/#\/schema\/logo\/image\/","url":"https:\/\/bbqentertainment.com\/wp-content\/uploads\/2020\/04\/BBQ-Entertainment-N-Catering-Enn-Tobreluts-Logo.png","contentUrl":"https:\/\/bbqentertainment.com\/wp-content\/uploads\/2020\/04\/BBQ-Entertainment-N-Catering-Enn-Tobreluts-Logo.png","width":628,"height":266,"caption":"BBQ Entertainment O\u00dc"},"image":{"@id":"https:\/\/bbqentertainment.com\/#\/schema\/logo\/image\/"},"sameAs":["https:\/\/www.facebook.com\/BBQ-Entertainment-N-Catering-2437913376443540","https:\/\/www.instagram.com\/bbqentertainmentncatering\/","https:\/\/www.youtube.com\/channel\/UCmpuANQVhLy2Md8nrenp2jA"]}]}},"_links":{"self":[{"href":"https:\/\/bbqentertainment.com\/en\/wp-json\/wp\/v2\/product\/986","targetHints":{"allow":["GET"]}}],"collection":[{"href":"https:\/\/bbqentertainment.com\/en\/wp-json\/wp\/v2\/product"}],"about":[{"href":"https:\/\/bbqentertainment.com\/en\/wp-json\/wp\/v2\/types\/product"}],"wp:featuredmedia":[{"embeddable":true,"href":"https:\/\/bbqentertainment.com\/en\/wp-json\/wp\/v2\/media\/237242"}],"wp:attachment":[{"href":"https:\/\/bbqentertainment.com\/en\/wp-json\/wp\/v2\/media?parent=986"}],"wp:term":[{"taxonomy":"product_brand","embeddable":true,"href":"https:\/\/bbqentertainment.com\/en\/wp-json\/wp\/v2\/product_brand?post=986"},{"taxonomy":"product_cat","embeddable":true,"href":"https:\/\/bbqentertainment.com\/en\/wp-json\/wp\/v2\/product_cat?post=986"},{"taxonomy":"product_tag","embeddable":true,"href":"https:\/\/bbqentertainment.com\/en\/wp-json\/wp\/v2\/product_tag?post=986"}],"curies":[{"name":"wp","href":"https:\/\/api.w.org\/{rel}","templated":true}]}}